{"id":6571,"date":"2020-12-03T13:46:00","date_gmt":"2020-12-03T13:46:00","guid":{"rendered":"https:\/\/hispasiam.com\/?page_id=6571"},"modified":"2020-12-03T21:32:39","modified_gmt":"2020-12-03T21:32:39","slug":"fabricacion-a-terceros","status":"publish","type":"page","link":"https:\/\/hispasiam.com\/es\/fabricacion-a-terceros\/","title":{"rendered":"Fabricaci\u00f3n a terceros"},"content":{"rendered":"\n<div class=\"gb-container gb-container-c40b00b3\"><div class=\"gb-inside-container\">\n<div class=\"gb-grid-wrapper gb-grid-wrapper-81571767\">\n<div class=\"gb-grid-column gb-grid-column-05e112c1\"><div class=\"gb-container gb-container-05e112c1\"><div class=\"gb-inside-container\">\n\n\n<h2 class=\"gb-headline gb-headline-cb657ddf\">\u00bfQu\u00e9 es el servicio de fabricaci\u00f3n a terceros?<\/h2>\n\n\n\n<p>Si usted es una empresa o distribuidor de un producto de otra marca, es posible que en alguna ocasi\u00f3n haya pensado en lanzar el mismo producto al mercado con su propia marca. De eso se trata el servicio de fabricaci\u00f3n a terceros que algunas f\u00e1bricas prestan para incrementar las ventas de los productos que manufacturan.<\/p>\n\n\n\n<p>Existen varios tipos de fabricaci\u00f3n a terceros. A continuaci\u00f3n veremos qu\u00e9 tipos de servicios de fabricaci\u00f3n a terceros prestan las f\u00e1bricas generalmente. Cabe destacar que no todos los fabricantes est\u00e1n dispuestos a prestar todos estos servicios.<\/p>\n\n\n\n<p><\/p>\n<\/div><\/div><\/div>\n\n\n\n<div class=\"gb-grid-column gb-grid-column-7a1520d4\"><div class=\"gb-container gb-container-7a1520d4 object-shadow\"><div class=\"gb-inside-container\">\n<h3 class=\"gb-headline gb-headline-39f0c88a\">Solic\u00edtenos informaci\u00f3n<\/h3>\n\n\n\n<p class=\"gb-headline gb-headline-eb445329\">Contacte con nosotros para que uno de nuestros agentes de compras le pueda informar.<\/p>\n\n\n\n\t\t\t<link rel=\"stylesheet\" property=\"stylesheet\" href=\"https:\/\/hispasiam.com\/wp-content\/plugins\/happyforms\/bundles\/css\/frontend.css\" \/>\n\t\t\t\t<!-- HappyForms CSS variables -->\n\t<style>\n\t#happyforms-2439 {\n\t\t--happyforms-part-title-font-size: 18px;\n--happyforms-part-description-font-size: 14px;\n--happyforms-part-value-font-size: 17px;\n--happyforms-submit-button-font-size: 18px;\n--happyforms-color-primary: #1f2d3d;\n--happyforms-color-success-notice: #ffffff;\n--happyforms-color-success-notice-text: #406080;\n--happyforms-color-error: #dd3333;\n--happyforms-color-error-notice: #ffffff;\n--happyforms-color-error-notice-text: #dd3333;\n--happyforms-color-part-title: #1f2d3d;\n--happyforms-color-part-value: #1f2d3d;\n--happyforms-color-part-placeholder: #1f2d3d;\n--happyforms-color-part-description: #1f2d3d;\n--happyforms-color-part-border: #1f2d3d;\n--happyforms-color-part-border-focus: #1f2d3d;\n--happyforms-color-part-background: #f5f8fa;\n--happyforms-color-part-background-focus: #f5f8fa;\n--happyforms-color-submit-background: #1f2d3d;\n--happyforms-color-submit-background-hover: #406080;\n--happyforms-color-submit-border: transparent;\n--happyforms-color-submit-text: #ffffff;\n--happyforms-color-submit-text-hover: #ffffff;\n--happyforms-color-table-row-odd: #fcfcfc;\n--happyforms-color-table-row-even: #efefef;\n--happyforms-color-table-row-odd-text: #000000;\n--happyforms-color-table-row-even-text: #000000;\n--happyforms-color-dropdown-item-bg: #ffffff;\n--happyforms-color-dropdown-item-text: #000000;\n--happyforms-color-dropdown-item-bg-hover: #f4f4f5;\n--happyforms-color-dropdown-item-text-hover: #000000;\n--happyforms-color-divider-hr: #cccccc;\n--happyforms-color-choice-checkmark-bg: #ffffff;\n--happyforms-color-choice-checkmark-bg-focus: #000000;\n--happyforms-color-choice-checkmark-color: #ffffff;\n\t}\n\t<\/style>\n\t<!-- End of HappyForms CSS variables -->\n\t\t<!-- HappyForms Additional CSS -->\n\t<style data-happyforms-additional-css>\n\t\t<\/style>\n\t<!-- End of HappyForms Additional CSS -->\n\t\t\t<link rel=\"stylesheet\" type=\"text\/css\" href=\"https:\/\/hispasiam.com\/wp-content\/plugins\/happyforms\/core\/assets\/css\/no-interaction.css\">\n\t\t<div class=\"happyforms-form happyforms-styles happyforms-form--part-borders-bottom-only happyforms-form--part-border-radius-square happyforms-form--part-outer-padding-narrow happyforms-form--part-inner-padding-narrow happyforms-form--submit-button-border-hide happyforms-form--submit-button-border-radius-square happyforms-form--submit-button-fullwidth happyforms-form--submit-button-padding-narrow\" id=\"happyforms-2439\">\n\t\t\n\t<form action=\"\" id=\"happyforms-form-2439\" method=\"post\" novalidate=\"true\" autocomplete=\"off\">\n\t\t\t\t<input type=\"hidden\" name=\"happyforms_random_seed\" value=\"3453046700\" \/>\n\t\t\n\t\t\t<input type=\"hidden\" name=\"action\" value=\"happyforms_message\">\n\t\t\t\t<input type=\"hidden\" name=\"client_referer\" value=\"\">\n\t\t\t\t<input type=\"hidden\" name=\"current_post_id\" value=\"\">\n\t\t\t\t<input type=\"hidden\" name=\"happyforms_form_id\" value=\"2439\" \/>\n\t\t\t\t<input type=\"hidden\" name=\"happyforms_step\" value=\"0\" \/>\n\t\n\t\t<div class=\"happyforms-flex\">\n\t\t\t\t<label for=\"2439-number\" class=\"screen-reader-text\">Leave this field blank<\/label>\n\t<input type=\"text\" id=\"2439-number\" name=\"2439-number\" style=\"display: none;\" tabindex=\"-1\" autocomplete=\"off\" aria-hidden=\"true\">\n\t\t\t\t\t\t\t\t\t\t<div class=\"happyforms-form__part happyforms-part happyforms-part--single_line_text happyforms-part--width-full happyforms-part--label-hidden\" id=\"happyforms-2439_single_line_text_0-part\" data-happyforms-type=\"single_line_text\" data-happyforms-id=\"single_line_text_0\" data-happyforms-required=\"\">\n\t<div class=\"happyforms-part-wrap\">\n\t\t\n\t\t\t\t\t\t<div class=\"happyforms-part__label-container\">\n\t\t\t<\/div>\n\t\t\t\n\t\t\n\t\t<div class=\"happyforms-part__el\">\n\t\t\t\n\t\t\t\n\t\t\t<div class=\"happyforms-input\">\n\t\t\t\t\n\t\t\t\t<input id=\"happyforms-2439_single_line_text_0\" type=\"text\" name=\"2439_single_line_text_0\" value=\"\" placeholder=\"Tu nombre\" autocomplete=\"off\" spellcheck=\"false\"  autocorrect=\"off\" \/>\n\t\t\t\t\t\t\t<\/div>\n\n\t\t\t\n\t\t\t\n\t\t\t\t\t<\/div>\n\t<\/div>\n<\/div>\n<div class=\"happyforms-form__part happyforms-part happyforms-part--single_line_text happyforms-part--width-full happyforms-part--label-hidden\" id=\"happyforms-2439_single_line_text_6-part\" data-happyforms-type=\"single_line_text\" data-happyforms-id=\"single_line_text_6\" data-happyforms-required=\"\">\n\t<div class=\"happyforms-part-wrap\">\n\t\t\n\t\t\t\t\t\t<div class=\"happyforms-part__label-container\">\n\t\t\t<\/div>\n\t\t\t\n\t\t\n\t\t<div class=\"happyforms-part__el\">\n\t\t\t\n\t\t\t\n\t\t\t<div class=\"happyforms-input\">\n\t\t\t\t\n\t\t\t\t<input id=\"happyforms-2439_single_line_text_6\" type=\"text\" name=\"2439_single_line_text_6\" value=\"\" placeholder=\"Tel\u00e9fono de contacto\" autocomplete=\"off\" spellcheck=\"false\"  autocorrect=\"off\" \/>\n\t\t\t\t\t\t\t<\/div>\n\n\t\t\t\n\t\t\t\n\t\t\t\t\t<\/div>\n\t<\/div>\n<\/div>\n<div class=\"happyforms-form__part happyforms-part happyforms-part--multi_line_text happyforms-part--width-full happyforms-part--label-hidden\" id=\"happyforms-2439_multi_line_text_4-part\" data-happyforms-type=\"multi_line_text\" data-happyforms-id=\"multi_line_text_4\" data-happyforms-required=\"\">\n\t<div class=\"happyforms-part-wrap\">\n\t\t\t\t\t\t<div class=\"happyforms-part__label-container\">\n\t\t\t<\/div>\n\t\t\t\n\t\t\n\t\t<div class=\"happyforms-part__el\">\n\t\t\t\n\t\t\t\t\t\t<textarea id=\"happyforms-2439_multi_line_text_4\" name=\"2439_multi_line_text_4\" rows=\"5\" placeholder=\"\u00bfC\u00f3mo podemos ayudarte?\" autocomplete=\"off\" spellcheck=\"false\" autocorrect=\"off\" ><\/textarea>\n\t\t\t\n\t\t\t\n\t\t\t\t\t<\/div>\n\t<\/div>\n<\/div>\n\t\t\t\t\t\t<div class=\"happyforms-form__part happyforms-part happyforms-part--submit\">\n\t\t<button type=\"submit\" class=\"happyforms-submit happyforms-button--submit \">Enviar<\/button>\n\t<\/div>\t\t<\/div>\n\n\t\t\t<\/form>\n\n\t<\/div>\n\n<\/div><\/div><\/div>\n<\/div>\n<\/div><\/div>\n\n\n\n<div class=\"gb-container gb-container-dcb0f472\"><div class=\"gb-inside-container\">\n<div class=\"gb-grid-wrapper gb-grid-wrapper-be0f40d0\">\n<div class=\"gb-grid-column gb-grid-column-d1592020\"><div class=\"gb-container gb-container-d1592020\"><div class=\"gb-inside-container\">\n<figure class=\"wp-block-image size-large photo-shadow img\"><img decoding=\"async\" width=\"450\" height=\"600\" src=\"https:\/\/hispasiam.com\/wp-content\/uploads\/gerardo-vila-profile.jpg\" alt=\"Gerardo Vila\" class=\"wp-image-6134\" srcset=\"https:\/\/hispasiam.com\/wp-content\/uploads\/gerardo-vila-profile.jpg 450w, https:\/\/hispasiam.com\/wp-content\/uploads\/gerardo-vila-profile-225x300.jpg 225w, https:\/\/hispasiam.com\/wp-content\/uploads\/gerardo-vila-profile-15x20.jpg 15w\" sizes=\"(max-width: 450px) 100vw, 450px\" \/><\/figure>\n<\/div><\/div><\/div>\n\n\n\n<div class=\"gb-grid-column gb-grid-column-9b7bf365\"><div class=\"gb-container gb-container-9b7bf365\"><div class=\"gb-inside-container\">\n<p>Muchas empresas que distribu\u00edan productos de otras marcas han tenido \u00e9xito desarrollando su propia marca con un producto de las mismas caracter\u00edsticas.<\/p>\n\n\n\n<p>Algunas incluso, han ampliado su cat\u00e1logo tras el \u00e9xito con el producto inicial. Hoy en d\u00eda tener una f\u00e1brica de un producto ya no es tan rentable como anteriormente. Muchas empresas locales se han visto desplazadas por la industria China y sus bajos costes de fabricaci\u00f3n.<\/p>\n\n\n\n<p class=\"gb-headline gb-headline-8ce5b3e3\"><em>Gerardo Vila \u2013 Socio fundador Hispasiam<\/em><\/p>\n\n\n\n<div class=\"gb-grid-wrapper gb-grid-wrapper-e7789764\">\n<div class=\"gb-grid-column gb-grid-column-20782dd9\"><div class=\"gb-container gb-container-20782dd9\"><div class=\"gb-inside-container\"><\/div><\/div><\/div>\n<\/div>\n<\/div><\/div><\/div>\n<\/div>\n<\/div><\/div>\n\n\n\n<div class=\"gb-container gb-container-e1d010d5\"><div class=\"gb-inside-container\">\n<div class=\"gb-grid-wrapper gb-grid-wrapper-cf67f991\">\n<div class=\"gb-grid-column gb-grid-column-47320e1f\"><div class=\"gb-container gb-container-47320e1f\"><div class=\"gb-inside-container\">\n<h2 class=\"wp-block-heading\">Tipos de fabricaci\u00f3n a terceros<\/h2>\n\n\n\n<p>Quiz\u00e1s el punto m\u00e1s importante a la hora de escoger un fabricante que ofrezca el servicio de fabricaci\u00f3n a terceros es la confidencialidad y el pacto de no competencia. Localizar un fabricante que pueda fabricar el producto que nosotros queremos comercializar es importante, pero tambi\u00e9n es importante que si el producto tiene \u00e9xito, el fabricante no nos haga la competencia o revele datos del mismo. <\/p>\n\n\n\n<p>Esto se puede dar sobre todo en el \u00faltimo de los tipos de fabricaci\u00f3n a terceros que vamos a mencionar a continuaci\u00f3n. Quiz\u00e1s es el m\u00e1s complicado de que los fabricantes acepten, pero tambi\u00e9n es el m\u00e1s arriesgado a nivel comercial.<\/p>\n<\/div><\/div><\/div>\n\n\n\n<div class=\"gb-grid-column gb-grid-column-6e60dbe4\"><div class=\"gb-container gb-container-6e60dbe4\"><div class=\"gb-inside-container\">\n<figure class=\"wp-block-image size-large photo-shadow img\"><img decoding=\"async\" width=\"800\" height=\"533\" src=\"https:\/\/hispasiam.com\/wp-content\/uploads\/fabricacion-a-terceros.jpg\" alt=\"fabricaci\u00f3n a terceros\" class=\"wp-image-6630\" srcset=\"https:\/\/hispasiam.com\/wp-content\/uploads\/fabricacion-a-terceros.jpg 800w, https:\/\/hispasiam.com\/wp-content\/uploads\/fabricacion-a-terceros-300x200.jpg 300w, https:\/\/hispasiam.com\/wp-content\/uploads\/fabricacion-a-terceros-768x512.jpg 768w\" sizes=\"(max-width: 800px) 100vw, 800px\" \/><\/figure>\n<\/div><\/div><\/div>\n<\/div>\n\n\n\n<div class=\"wp-block-columns is-layout-flex wp-container-core-columns-is-layout-9d6595d7 wp-block-columns-is-layout-flex\">\n<div class=\"wp-block-column is-layout-flow wp-block-column-is-layout-flow\">\n<h2 class=\"wp-block-heading\">Fabricaci\u00f3n a terceros con estampaci\u00f3n de marca<\/h2>\n\n\n\n<p>Quiz\u00e1s este es el tipo de servicio m\u00e1s convencional y m\u00e1s f\u00e1cil de aceptar por parte de los fabricantes. Se trata de estampar tu marca o branding en un producto que actualmente el fabricante ya fabrica. No se le modifica ning\u00fan aspecto al producto, solamente se le estampa la marca.<\/p>\n\n\n\n<h2 class=\"wp-block-heading\">Fabricaci\u00f3n a terceros con modificaciones<\/h2>\n\n\n\n<p>En este caso el fabricante estar\u00e1 dispuesto a realizar modificaciones en un producto que actualmente fabrica. Como ejemplo podr\u00edamos mencionar el cambiarle el color a unas gafas, o los cristales o incluso parte de la forma de las mismas para adaptarla al dise\u00f1o que el cliente quiere fabricar. Generalmente las modificaciones son m\u00ednimas.<\/p>\n<\/div>\n\n\n\n<div class=\"wp-block-column is-layout-flow wp-block-column-is-layout-flow\">\n<h2 class=\"wp-block-heading\">Fabricaci\u00f3n a terceros con desarrollo de producto<\/h2>\n\n\n\n<p>Como mencion\u00e1bamos con anterioridad, quiz\u00e1s este es el tipo de servicio de fabricaci\u00f3n a terceros m\u00e1s arriesgado tanto para el fabricante como para el cliente. Generalmente los fabricantes exigen un pedido muy elevado para que desarrollen un producto desde la f\u00f3rmula al acabado final. Adem\u00e1s en caso de que el producto tenga \u00e9xito es arriesgado comercialmente, ya que el fabricante puede revelar el proceso de fabricaci\u00f3n o incluso fabricarle \u00e9l mismo con otra marca. Para el fabricante tambi\u00e9n es arriesgado porque pone toda su f\u00e1brica a disposici\u00f3n del cliente sin garant\u00edas de que vuelva a comprar. En estos casos es importante firmar un contrato de compromiso para ambas partes.<\/p>\n<\/div>\n<\/div>\n<\/div><\/div>\n\n\n\n<div class=\"gb-container gb-container-2aa16d1b\"><div class=\"gb-inside-container\">\n<div class=\"wp-block-columns is-layout-flex wp-container-core-columns-is-layout-9d6595d7 wp-block-columns-is-layout-flex\">\n<div class=\"wp-block-column is-layout-flow wp-block-column-is-layout-flow\">\n<h2 class=\"wp-block-heading\" id=\"block-1b53a82d-f3dd-4755-9b73-4803703c85de\">Fabricaci\u00f3n a terceros de cosm\u00e9tica natural<\/h2>\n\n\n\n<p id=\"block-5d34763f-5a36-43a3-9ea1-1ca43c020a72\">Si hay voluntad, un fabricante puede ofrecer el servicio de fabricaci\u00f3n a terceros para cualquier producto, pero quiz\u00e1s uno de los productos m\u00e1s demandados es la fabricaci\u00f3n a terceros de laboratorios cosm\u00e9ticos, sobre todo la fabricaci\u00f3n a terceros de cosm\u00e9tica natural.<\/p>\n\n\n\n<p>En Hispasiam, tenemos contacto con varios laboratorios de cosm\u00e9tica Asi\u00e1ticos y Espa\u00f1oles que ofrecen el servicio de fabricaci\u00f3n a terceros de cosm\u00e9tica natural. <\/p>\n<\/div>\n\n\n\n<div class=\"wp-block-column is-layout-flow wp-block-column-is-layout-flow\">\n<h2 class=\"wp-block-heading\">Fabricaci\u00f3n a terceros de complementos alimenticios<\/h2>\n\n\n\n<p>Los complementos alimenticios se han convertido en un producto muy popular con el paso de los a\u00f1os. Se trata de un producto que tiene un margen de beneficio muy alto, ya que el coste de producci\u00f3n es bastante bajo y el de venta al gran p\u00fablico bastante elevado seg\u00fan que casos.<\/p>\n\n\n\n<p>Los complementos alimenticios se han convertido en algo muy popular, no solamente en Europa o Am\u00e9rica sino tambi\u00e9n en Asia. <\/p>\n<\/div>\n\n\n\n<div class=\"wp-block-column is-layout-flow wp-block-column-is-layout-flow\">\n<p>Si usted ejerce como distribuidor de suplementos alimenticios y desea desarrollar su marca con un producto propio, p\u00f3ngase en contacto con nosotros y estudiaremos su caso. Disponemos de varios fabricantes que est\u00e1n dispuestos a ofrecerle el servicio de fabricaci\u00f3n a terceros de complementos alimenticios tanto en Asia como en Espa\u00f1a. <\/p>\n\n\n\n<p> <\/p>\n<\/div>\n<\/div>\n<\/div><\/div>\n\n\n\n<div class=\"gb-container gb-container-06d85bbf\"><div class=\"gb-inside-container\">\n<h2 class=\"gb-headline gb-headline-3d4560ab\">\u00bfQuieres ver los sectores con los que trabajamos?<\/h2>\n\n\n\n<div class=\"gb-button-wrapper gb-button-wrapper-c9253949\">\n<a class=\"gb-button gb-button-69a56173 button\" href=\"https:\/\/hispasiam.com\/es\/proveedores\/\"><span class=\"button-text\">Ver Sectores<\/span><\/a>\n<\/div>\n<\/div><\/div>\n","protected":false},"excerpt":{"rendered":"<p>Fabricaci\u00f3n a terceros con estampaci\u00f3n de marca Quiz\u00e1s este es el tipo de servicio m\u00e1s convencional y m\u00e1s f\u00e1cil de aceptar por parte de los fabricantes. Se trata de estampar &#8230; <a title=\"Fabricaci\u00f3n a terceros\" class=\"read-more\" href=\"https:\/\/hispasiam.com\/es\/fabricacion-a-terceros\/\" aria-label=\"Leer m\u00e1s sobre Fabricaci\u00f3n a terceros\">Leer<\/a><\/p>\n","protected":false},"author":1,"featured_media":0,"parent":0,"menu_order":0,"comment_status":"closed","ping_status":"closed","template":"","meta":{"footnotes":""},"class_list":["post-6571","page","type-page","status-publish"],"_links":{"self":[{"href":"https:\/\/hispasiam.com\/es\/wp-json\/wp\/v2\/pages\/6571","targetHints":{"allow":["GET"]}}],"collection":[{"href":"https:\/\/hispasiam.com\/es\/wp-json\/wp\/v2\/pages"}],"about":[{"href":"https:\/\/hispasiam.com\/es\/wp-json\/wp\/v2\/types\/page"}],"author":[{"embeddable":true,"href":"https:\/\/hispasiam.com\/es\/wp-json\/wp\/v2\/users\/1"}],"replies":[{"embeddable":true,"href":"https:\/\/hispasiam.com\/es\/wp-json\/wp\/v2\/comments?post=6571"}],"version-history":[{"count":19,"href":"https:\/\/hispasiam.com\/es\/wp-json\/wp\/v2\/pages\/6571\/revisions"}],"predecessor-version":[{"id":6641,"href":"https:\/\/hispasiam.com\/es\/wp-json\/wp\/v2\/pages\/6571\/revisions\/6641"}],"wp:attachment":[{"href":"https:\/\/hispasiam.com\/es\/wp-json\/wp\/v2\/media?parent=6571"}],"curies":[{"name":"wp","href":"https:\/\/api.w.org\/{rel}","templated":true}]}}