{"id":6511,"date":"2020-12-02T14:43:46","date_gmt":"2020-12-02T14:43:46","guid":{"rendered":"https:\/\/hispasiam.com\/?page_id=6511"},"modified":"2020-12-08T10:21:50","modified_gmt":"2020-12-08T10:21:50","slug":"certificacion-de-productos","status":"publish","type":"page","link":"https:\/\/hispasiam.com\/es\/certificacion-de-productos\/","title":{"rendered":"Certificaci\u00f3n de productos"},"content":{"rendered":"<div class=\"gb-container gb-container-c40b00b3\"><div class=\"gb-inside-container\">\n<div class=\"gb-grid-wrapper gb-grid-wrapper-81571767\">\n<div class=\"gb-grid-column gb-grid-column-05e112c1\"><div class=\"gb-container gb-container-05e112c1\"><div class=\"gb-inside-container\">\n\n\n\n<h2 class=\"gb-headline gb-headline-cb657ddf gb-headline-text\">Servicios de certificaci\u00f3n de productos industriales<\/h2>\n\n\n\n<p>En Hispasiam sabemos que una de las partes m\u00e1s importantes de la venta para los <a href=\"https:\/\/hispasiam.com\/es\/agentes-comerciales-internacionales\/\" class=\"rank-math-link\">agentes comerciales internacionales<\/a> es la certificaci\u00f3n del producto. En ciertos productos, disponer de una certificaci\u00f3n o no disponer de ella puede ser un punto diferencial con la competencia y para establecerse en el mercado. <\/p>\n\n\n\n<p>Hispasiam ofrece el servicio de gesti\u00f3n en la certificaci\u00f3n de productos para clientes que quieren que su producto tenga muchas m\u00e1s posibilidades de ser aceptado por el mercado.<\/p>\n\n\n\n<p>La certificaci\u00f3n de un producto industrial suele conllevar auditorias y en general cumplir una serie de condiciones que certifiquen las caracter\u00edsticas de un producto. Nosotros nos encargamos de la gesti\u00f3n y de la comunicaci\u00f3n con la empresa habilitada para tal certificaci\u00f3n.<\/p>\n\n<\/div><\/div><\/div>\n\n<div class=\"gb-grid-column gb-grid-column-7a1520d4\"><div class=\"gb-container gb-container-7a1520d4 object-shadow\"><div class=\"gb-inside-container\">\n\n<p class=\"gb-headline gb-headline-8f70085a gb-headline-text\">Solic\u00edtenos informaci\u00f3n<\/p>\n\n\n\n<p class=\"gb-headline gb-headline-eb445329 gb-headline-text\">Env\u00edenos un mensaje y uno de nuestros agentes se pondr\u00e1 en contacto con usted.<\/p>\n\n\n\n\t\t\t<link rel=\"stylesheet\" property=\"stylesheet\" href=\"https:\/\/hispasiam.com\/wp-content\/plugins\/happyforms\/bundles\/css\/frontend.css\" \/>\n\t\t\t\t<!-- HappyForms CSS variables -->\n\t<style>\n\t#happyforms-2439 {\n\t\t--happyforms-part-title-font-size: 18px;\n--happyforms-part-description-font-size: 14px;\n--happyforms-part-value-font-size: 17px;\n--happyforms-submit-button-font-size: 18px;\n--happyforms-color-primary: #1f2d3d;\n--happyforms-color-success-notice: #ffffff;\n--happyforms-color-success-notice-text: #406080;\n--happyforms-color-error: #dd3333;\n--happyforms-color-error-notice: #ffffff;\n--happyforms-color-error-notice-text: #dd3333;\n--happyforms-color-part-title: #1f2d3d;\n--happyforms-color-part-value: #1f2d3d;\n--happyforms-color-part-placeholder: #1f2d3d;\n--happyforms-color-part-description: #1f2d3d;\n--happyforms-color-part-border: #1f2d3d;\n--happyforms-color-part-border-focus: #1f2d3d;\n--happyforms-color-part-background: #f5f8fa;\n--happyforms-color-part-background-focus: #f5f8fa;\n--happyforms-color-submit-background: #1f2d3d;\n--happyforms-color-submit-background-hover: #406080;\n--happyforms-color-submit-border: transparent;\n--happyforms-color-submit-text: #ffffff;\n--happyforms-color-submit-text-hover: #ffffff;\n--happyforms-color-table-row-odd: #fcfcfc;\n--happyforms-color-table-row-even: #efefef;\n--happyforms-color-table-row-odd-text: #000000;\n--happyforms-color-table-row-even-text: #000000;\n--happyforms-color-dropdown-item-bg: #ffffff;\n--happyforms-color-dropdown-item-text: #000000;\n--happyforms-color-dropdown-item-bg-hover: #f4f4f5;\n--happyforms-color-dropdown-item-text-hover: #000000;\n--happyforms-color-divider-hr: #cccccc;\n--happyforms-color-choice-checkmark-bg: #ffffff;\n--happyforms-color-choice-checkmark-bg-focus: #000000;\n--happyforms-color-choice-checkmark-color: #ffffff;\n\t}\n\t<\/style>\n\t<!-- End of HappyForms CSS variables -->\n\t\t<!-- HappyForms Additional CSS -->\n\t<style data-happyforms-additional-css>\n\t\t<\/style>\n\t<!-- End of HappyForms Additional CSS -->\n\t\t\t<link rel=\"stylesheet\" type=\"text\/css\" href=\"https:\/\/hispasiam.com\/wp-content\/plugins\/happyforms\/core\/assets\/css\/no-interaction.css\">\n\t\t<div class=\"happyforms-form happyforms-styles happyforms-form--part-borders-bottom-only happyforms-form--part-border-radius-square happyforms-form--part-outer-padding-narrow happyforms-form--part-inner-padding-narrow happyforms-form--submit-button-border-hide happyforms-form--submit-button-border-radius-square happyforms-form--submit-button-fullwidth happyforms-form--submit-button-padding-narrow\" id=\"happyforms-2439\">\n\t\t\n\t<form action=\"\" id=\"happyforms-form-2439\" method=\"post\" novalidate=\"true\" autocomplete=\"off\">\n\t\t\t\t<input type=\"hidden\" name=\"happyforms_random_seed\" value=\"2748841012\" \/>\n\t\t\n\t\t\t<input type=\"hidden\" name=\"action\" value=\"happyforms_message\">\n\t\t\t\t<input type=\"hidden\" name=\"client_referer\" value=\"\">\n\t\t\t\t<input type=\"hidden\" name=\"current_post_id\" value=\"\">\n\t\t\t\t<input type=\"hidden\" name=\"happyforms_form_id\" value=\"2439\" \/>\n\t\t\t\t<input type=\"hidden\" name=\"happyforms_step\" value=\"0\" \/>\n\t\n\t\t<div class=\"happyforms-flex\">\n\t\t\t\t<label for=\"2439-number\" class=\"screen-reader-text\">Leave this field blank<\/label>\n\t<input type=\"text\" id=\"2439-number\" name=\"2439-number\" style=\"display: none;\" tabindex=\"-1\" autocomplete=\"off\" aria-hidden=\"true\">\n\t\t\t\t\t\t\t\t\t\t<div class=\"happyforms-form__part happyforms-part happyforms-part--single_line_text happyforms-part--width-full happyforms-part--label-hidden\" id=\"happyforms-2439_single_line_text_0-part\" data-happyforms-type=\"single_line_text\" data-happyforms-id=\"single_line_text_0\" data-happyforms-required=\"\">\n\t<div class=\"happyforms-part-wrap\">\n\t\t\n\t\t\t\t\t\t<div class=\"happyforms-part__label-container\">\n\t\t\t<\/div>\n\t\t\t\n\t\t\n\t\t<div class=\"happyforms-part__el\">\n\t\t\t\n\t\t\t\n\t\t\t<div class=\"happyforms-input\">\n\t\t\t\t\n\t\t\t\t<input id=\"happyforms-2439_single_line_text_0\" type=\"text\" name=\"2439_single_line_text_0\" value=\"\" placeholder=\"Tu nombre\" autocomplete=\"off\" spellcheck=\"false\"  autocorrect=\"off\" \/>\n\t\t\t\t\t\t\t<\/div>\n\n\t\t\t\n\t\t\t\n\t\t\t\t\t<\/div>\n\t<\/div>\n<\/div>\n<div class=\"happyforms-form__part happyforms-part happyforms-part--single_line_text happyforms-part--width-full happyforms-part--label-hidden\" id=\"happyforms-2439_single_line_text_6-part\" data-happyforms-type=\"single_line_text\" data-happyforms-id=\"single_line_text_6\" data-happyforms-required=\"\">\n\t<div class=\"happyforms-part-wrap\">\n\t\t\n\t\t\t\t\t\t<div class=\"happyforms-part__label-container\">\n\t\t\t<\/div>\n\t\t\t\n\t\t\n\t\t<div class=\"happyforms-part__el\">\n\t\t\t\n\t\t\t\n\t\t\t<div class=\"happyforms-input\">\n\t\t\t\t\n\t\t\t\t<input id=\"happyforms-2439_single_line_text_6\" type=\"text\" name=\"2439_single_line_text_6\" value=\"\" placeholder=\"Tel\u00e9fono de contacto\" autocomplete=\"off\" spellcheck=\"false\"  autocorrect=\"off\" \/>\n\t\t\t\t\t\t\t<\/div>\n\n\t\t\t\n\t\t\t\n\t\t\t\t\t<\/div>\n\t<\/div>\n<\/div>\n<div class=\"happyforms-form__part happyforms-part happyforms-part--multi_line_text happyforms-part--width-full happyforms-part--label-hidden\" id=\"happyforms-2439_multi_line_text_4-part\" data-happyforms-type=\"multi_line_text\" data-happyforms-id=\"multi_line_text_4\" data-happyforms-required=\"\">\n\t<div class=\"happyforms-part-wrap\">\n\t\t\t\t\t\t<div class=\"happyforms-part__label-container\">\n\t\t\t<\/div>\n\t\t\t\n\t\t\n\t\t<div class=\"happyforms-part__el\">\n\t\t\t\n\t\t\t\t\t\t<textarea id=\"happyforms-2439_multi_line_text_4\" name=\"2439_multi_line_text_4\" rows=\"5\" placeholder=\"\u00bfC\u00f3mo podemos ayudarte?\" autocomplete=\"off\" spellcheck=\"false\" autocorrect=\"off\" ><\/textarea>\n\t\t\t\n\t\t\t\n\t\t\t\t\t<\/div>\n\t<\/div>\n<\/div>\n\t\t\t\t\t\t<div class=\"happyforms-form__part happyforms-part happyforms-part--submit\">\n\t\t<button type=\"submit\" class=\"happyforms-submit happyforms-button--submit \">Enviar<\/button>\n\t<\/div>\t\t<\/div>\n\n\t\t\t<\/form>\n\n\t<\/div>\n\n\n<\/div><\/div><\/div>\n<\/div>\n<\/div><\/div>\n\n<div class=\"gb-container gb-container-dcb0f472\"><div class=\"gb-inside-container\">\n<div class=\"gb-grid-wrapper gb-grid-wrapper-be0f40d0\">\n<div class=\"gb-grid-column gb-grid-column-d1592020\"><div class=\"gb-container gb-container-d1592020\"><div class=\"gb-inside-container\">\n\n<figure class=\"wp-block-image size-large photo-shadow img\"><img decoding=\"async\" width=\"450\" height=\"600\" src=\"https:\/\/hispasiam.com\/wp-content\/uploads\/sky.jpg\" alt=\"nu\" class=\"wp-image-6729\" srcset=\"https:\/\/hispasiam.com\/wp-content\/uploads\/sky.jpg 450w, https:\/\/hispasiam.com\/wp-content\/uploads\/sky-225x300.jpg 225w\" sizes=\"(max-width: 450px) 100vw, 450px\" \/><\/figure>\n\n<\/div><\/div><\/div>\n\n<div class=\"gb-grid-column gb-grid-column-9b7bf365\"><div class=\"gb-container gb-container-9b7bf365\"><div class=\"gb-inside-container\">\n\n<p>Muchos fabricantes disponen de un producto de muy buena calidad e incluso mejor que el de la competencia. Sin embargo sin una certificaci\u00f3n de su producto parten con desventaja a nivel comercial. <\/p>\n\n\n\n<p>El proceso de certificaci\u00f3n de productos puede ser largo y agotador pero las ventas de un producto certificado pueden incrementar hasta un 300%. <\/p>\n\n\n\n<p class=\"gb-headline gb-headline-8ce5b3e3 gb-headline-text\"><em>Sunaree Sukarom\u2013 Directora comercial (Asia) <\/em><\/p>\n\n\n<div class=\"gb-grid-wrapper gb-grid-wrapper-e7789764\">\n<div class=\"gb-grid-column gb-grid-column-20782dd9\"><div class=\"gb-container gb-container-20782dd9\"><div class=\"gb-inside-container\"><\/div><\/div><\/div>\n<\/div>\n<\/div><\/div><\/div>\n<\/div>\n<\/div><\/div>\n\n<div class=\"gb-container gb-container-e1d010d5\"><div class=\"gb-inside-container\">\n<div class=\"gb-grid-wrapper gb-grid-wrapper-cf67f991\">\n<div class=\"gb-grid-column gb-grid-column-47320e1f\"><div class=\"gb-container gb-container-47320e1f\"><div class=\"gb-inside-container\">\n\n<h2 class=\"wp-block-heading\">Acreditaci\u00f3n u homologaci\u00f3n de productos en pa\u00edses Hispanos y Asi\u00e1ticos<\/h2>\n\n\n\n<p>En el proceso de acreditaci\u00f3n u homologaci\u00f3n de productos es importante involucrar al cliente en el proceso de homologaci\u00f3n para que se puedan llevar a cabo las auditorias con garant\u00eda y correcciones del producto, si son necesarias. Homologar un producto industrial para la venta en un pa\u00eds determinado puede suponer un incremento sustancial en las ventas para el mercado elegido<\/p>\n\n\n\n<p>Cada pa\u00eds tiene su propia legislaci\u00f3n para la homologaci\u00f3n de productos aunque c\u00f3mo est\u00e1ndares se suelen establecer las normas europeas y americanas.<\/p>\n\n<\/div><\/div><\/div>\n\n<div class=\"gb-grid-column gb-grid-column-6e60dbe4\"><div class=\"gb-container gb-container-6e60dbe4\"><div class=\"gb-inside-container\">\n\n<figure class=\"wp-block-image size-large photo-shadow img\"><img decoding=\"async\" width=\"800\" height=\"533\" src=\"https:\/\/hispasiam.com\/wp-content\/uploads\/certificacion-productos.jpg\" alt=\"certificaci\u00f3n de productos industriales\" class=\"wp-image-6524\" srcset=\"https:\/\/hispasiam.com\/wp-content\/uploads\/certificacion-productos.jpg 800w, https:\/\/hispasiam.com\/wp-content\/uploads\/certificacion-productos-300x200.jpg 300w, https:\/\/hispasiam.com\/wp-content\/uploads\/certificacion-productos-768x512.jpg 768w\" sizes=\"(max-width: 800px) 100vw, 800px\" \/><\/figure>\n\n<\/div><\/div><\/div>\n<\/div>\n\n<div class=\"gb-container gb-container-2acbcfee\"><div class=\"gb-inside-container\">\n\n<div class=\"wp-block-columns is-layout-flex wp-container-core-columns-is-layout-9d6595d7 wp-block-columns-is-layout-flex\">\n<div class=\"wp-block-column is-layout-flow wp-block-column-is-layout-flow\">\n<h2 class=\"wp-block-heading\">\u00bfQu\u00e9 es la certificaci\u00f3n de productos?<\/h2>\n\n\n\n<p>La certificaci\u00f3n de productos es un proceso en el cual una empresa independiente o tercera parte certifica por escrito que un producto concreto cumple con una normativa establecida. <\/p>\n\n\n\n<p>Seg\u00fan el tipo de producto a certificar, el proceso de certificaci\u00f3n de productos puede conllevar una serie de inspecciones y ensayos. Un ejemplo de inspecci\u00f3n y ensayo en el proceso de certificaci\u00f3n de productos, podr\u00eda ser la inspecci\u00f3n del proceso de fabricaci\u00f3n del producto o un ensayo del mismo.<\/p>\n\n\n\n<p>Este tipo de inspecciones generalmente se realizan en la f\u00e1brica de la compa\u00f1\u00eda que manufactura el producto. Es posible que tambi\u00e9n se realice una inspecci\u00f3n una vez el producto se encuentra en el mercado.<\/p>\n\n\n\n<h2 class=\"wp-block-heading\">\u00bfQu\u00e9 productos se pueden certificar?<\/h2>\n\n\n\n<p>Existen una gran variedad de productos que se pueden certificar de diferentes sectores. Los principales sectores con productos certificables son:<\/p>\n\n\n\n<ul class=\"wp-block-list\"><li>Metalurgia<\/li><li>Construcci\u00f3n<\/li><li>Alimentaci\u00f3n<\/li><li>Electrodom\u00e9sticos<\/li><li>Automoci\u00f3n<\/li><li>Energ\u00edas<\/li><li>Algunos servicios<\/li><\/ul>\n<\/div>\n\n\n\n<div class=\"wp-block-column is-layout-flow wp-block-column-is-layout-flow\">\n<h2 class=\"wp-block-heading\">\u00bfCu\u00e1les son las ventajas de la certificaci\u00f3n de productos?<\/h2>\n\n\n\n<p>Existen importantes ventajas de obtener la certificaci\u00f3n de productos por parte de un organismo acreditado. Las principales son las siguientes.<\/p>\n\n\n\n<h3 class=\"gb-headline gb-headline-bfea02b8 gb-headline-text\">Confianza del cliente<\/h3>\n\n\n\n<p>Un producto certificado transmite m\u00e1s confianza que un producto que no est\u00e1 certificado, ya que la certificaci\u00f3n de productos se asocia a la calidad del mismo. Este es uno de los motivos por los cuales muchos clientes solicitan una certificaci\u00f3n del producto al inicio del trato comercial. <\/p>\n\n\n\n<h3 class=\"gb-headline gb-headline-699045f8 gb-headline-text\">Reconocimiento de marca<\/h3>\n\n\n\n<p>Un producto certificado goza de cierto reconocimiento por parte del mercado y consumidor final. Este reconocimiento repercute directamente en la marca y el consumidor asocia la marca del producto con calidad.<\/p>\n\n\n\n<h3 class=\"wp-block-heading\">Reducci\u00f3n de fallos<\/h3>\n\n\n\n<p>En el proceso de certificaci\u00f3n de productos, se somete a los mismos a una exhaustiva evaluaci\u00f3n. Considerando que estas evaluaciones est\u00e1n pensadas para minimizar fallos en los productos, un producto con una certificaci\u00f3n acreditada ve reducida su posibilidad de fallo.<\/p>\n<\/div>\n<\/div>\n\n<\/div><\/div>\n<\/div><\/div>\n\n<div class=\"gb-container gb-container-2aa16d1b\"><div class=\"gb-inside-container\">\n\n<div class=\"wp-block-columns is-layout-flex wp-container-core-columns-is-layout-9d6595d7 wp-block-columns-is-layout-flex\">\n<div class=\"wp-block-column is-layout-flow wp-block-column-is-layout-flow\">\n<h2 class=\"wp-block-heading\" id=\"block-1b53a82d-f3dd-4755-9b73-4803703c85de\">\u00bfQu\u00e9 empresas pueden realizar la certificaci\u00f3n de productos?<\/h2>\n\n\n\n<p id=\"block-5d34763f-5a36-43a3-9ea1-1ca43c020a72\">Las empresas que pueden realizar la certificaci\u00f3n de productos deben estar acreditadas por un organismo de acreditaci\u00f3n. En Espa\u00f1a, por ejemplo, este organismo es la Entidad Nacional de Acreditaci\u00f3n (ENAC) la cual dispone de un <a href=\"https:\/\/www.enac.es\/web\/enac\/entidades-acreditadas\/busqueda-por-productos-y-servicios?p_p_id=BuscadorProductoServicioUnificado_WAR_BuscadorProductoServicioUnificadoportlet&amp;p_p_lifecycle=1&amp;p_p_state=normal&amp;p_p_mode=view&amp;p_p_col_id=column-2&amp;p_p_col_count=1&amp;_BuscadorProductoServicioUnificado_WAR_BuscadorProductoServicioUnificadoportlet_javax.portlet.action=seleccionarBusqueda\" class=\"rank-math-link\" target=\"_blank\" rel=\"noopener\">buscador<\/a> en su p\u00e1gina web para localizar empresas que pueden realizar la certificaci\u00f3n de productos.<\/p>\n\n\n\n<p>Cada pa\u00eds tiene organismos que acreditan a empresas (terceras partes) y las someten a una evaluaci\u00f3n para que puedan ejercer la actividad de auditoria y de expedici\u00f3n de certificados de productos. Algunas de estas empresas (terceras partes) dan servicio a nivel mundial.<\/p>\n<\/div>\n\n\n\n<div class=\"wp-block-column is-layout-flow wp-block-column-is-layout-flow\">\n<h2 class=\"wp-block-heading\">\u00bfEs lo mismo la certificaci\u00f3n de productos y la certificaci\u00f3n de sistemas de gesti\u00f3n?<\/h2>\n\n\n\n<p>Una empresa que decide certificar sus productos puede valorar si certificar todos los productos de su cat\u00e1logo o solamente algunos. La certificaci\u00f3n de productos est\u00e1 relacionada con la aceptaci\u00f3n de un producto en un mercado o de cara al consumidor final.<\/p>\n\n\n\n<p>Cuando nos referimos a la certificaci\u00f3n de sistemas de gesti\u00f3n de una empresa, estamos evaluando los sistemas de gesti\u00f3n implantados o procedimientos internos de la empresa en un tema concreto. Algunos de estos sistemas de gesti\u00f3n son el de gesti\u00f3n de I+D, el de gesti\u00f3n de calidad, gesti\u00f3n medioambiental, responsabilidad civil, etc.<\/p>\n<\/div>\n\n\n\n<div class=\"wp-block-column is-layout-flow wp-block-column-is-layout-flow\">\n<h2 class=\"wp-block-heading\">\u00bfEs lo mismo la acreditaci\u00f3n y la certificaci\u00f3n de productos?<\/h2>\n\n\n\n<p>La certificaci\u00f3n de productos eval\u00faa el proceso de manufactura o de recolecci\u00f3n de un producto. Es una manera de declarar que un producto ha sido elaborado teniendo en cuenta una serie de requisitos definidos previamente.<\/p>\n\n\n\n<p>La acreditaci\u00f3n de un producto acredita u homologa un producto para su comercializaci\u00f3n y se le practica una evaluaci\u00f3n de competencia t\u00e9cnica.  <\/p>\n\n\n\n<p>Se podr\u00eda resumir que la acreditaci\u00f3n u homologaci\u00f3n de un producto tiene como competencia acreditar un producto en los aspectos t\u00e9cnicos mientras que la certificaci\u00f3n de un producto certifica que el mismo cumple una normativa que no tiene por que ser t\u00e9cnica.<\/p>\n<\/div>\n<\/div>\n\n<\/div><\/div>\n\n<div class=\"gb-container gb-container-06d85bbf\"><div class=\"gb-inside-container\">\n\n<h2 class=\"gb-headline gb-headline-fa4c65e0 gb-headline-text\">\u00bfC\u00f3mo puedo realizar la acreditaci\u00f3n y certificaci\u00f3n de productos de mi empresa?<\/h2>\n\n\n\n<p>C\u00f3mo hemos mencionado con anterioridad, la certificaci\u00f3n de productos la debe realizar una empresa independiente debidamente registrada pasa expedir la certificaci\u00f3n o acreditaci\u00f3n. En Hispasiam contamos con profesionales especialistas en la acreditaci\u00f3n y certificaci\u00f3n de productos. Tenemos una dilatada experiencia en la homologaci\u00f3n de productos industriales en pa\u00edses de habla hispana y Asia.<\/p>\n\n\n\n<p>Si desea que un miembro de nuestro equipo se ponga en contacto con usted y le asesore en el proceso de acreditaci\u00f3n o certificaci\u00f3n de sus productos p\u00f3ngase en contacto con nosotros y estudiaremos su caso para darle un asesoramiento personalizado.<\/p>\n\n\n<div class=\"gb-button-wrapper gb-button-wrapper-c9253949\">\n\n<a class=\"gb-button gb-button-69a56173 gb-button-text button\" href=\"https:\/\/hispasiam.com\/es\/contacto\/\">Quiero informaci\u00f3n<\/a>\n\n<\/div>\n<\/div><\/div>","protected":false},"excerpt":{"rendered":"<p>\u00bfQu\u00e9 es la certificaci\u00f3n de productos? La certificaci\u00f3n de productos es un proceso en el cual una empresa independiente o tercera parte certifica por escrito que un producto concreto cumple &#8230; <a title=\"Certificaci\u00f3n de productos\" class=\"read-more\" href=\"https:\/\/hispasiam.com\/es\/certificacion-de-productos\/\" aria-label=\"Leer m\u00e1s sobre Certificaci\u00f3n de productos\">Leer<\/a><\/p>\n","protected":false},"author":1,"featured_media":0,"parent":0,"menu_order":0,"comment_status":"closed","ping_status":"closed","template":"","meta":{"footnotes":""},"class_list":["post-6511","page","type-page","status-publish"],"_links":{"self":[{"href":"https:\/\/hispasiam.com\/es\/wp-json\/wp\/v2\/pages\/6511","targetHints":{"allow":["GET"]}}],"collection":[{"href":"https:\/\/hispasiam.com\/es\/wp-json\/wp\/v2\/pages"}],"about":[{"href":"https:\/\/hispasiam.com\/es\/wp-json\/wp\/v2\/types\/page"}],"author":[{"embeddable":true,"href":"https:\/\/hispasiam.com\/es\/wp-json\/wp\/v2\/users\/1"}],"replies":[{"embeddable":true,"href":"https:\/\/hispasiam.com\/es\/wp-json\/wp\/v2\/comments?post=6511"}],"version-history":[{"count":11,"href":"https:\/\/hispasiam.com\/es\/wp-json\/wp\/v2\/pages\/6511\/revisions"}],"predecessor-version":[{"id":6913,"href":"https:\/\/hispasiam.com\/es\/wp-json\/wp\/v2\/pages\/6511\/revisions\/6913"}],"wp:attachment":[{"href":"https:\/\/hispasiam.com\/es\/wp-json\/wp\/v2\/media?parent=6511"}],"curies":[{"name":"wp","href":"https:\/\/api.w.org\/{rel}","templated":true}]}}