{"id":6419,"date":"2020-12-01T12:49:47","date_gmt":"2020-12-01T12:49:47","guid":{"rendered":"https:\/\/hispasiam.com\/?page_id=6419"},"modified":"2020-12-08T10:20:54","modified_gmt":"2020-12-08T10:20:54","slug":"agentes-comerciales-internacionales","status":"publish","type":"page","link":"https:\/\/hispasiam.com\/es\/agentes-comerciales-internacionales\/","title":{"rendered":"Agentes comerciales internacionales"},"content":{"rendered":"<div class=\"gb-container gb-container-c40b00b3\"><div class=\"gb-inside-container\">\n<div class=\"gb-grid-wrapper gb-grid-wrapper-81571767\">\n<div class=\"gb-grid-column gb-grid-column-05e112c1\"><div class=\"gb-container gb-container-05e112c1\"><div class=\"gb-inside-container\">\n\n\n\n<h2 class=\"gb-headline gb-headline-cb657ddf gb-headline-text\">Servicios como agentes comerciales internacionales.<\/h2>\n\n\n\n<p>Hispasiam es una consultor\u00eda especializada en el comercio internacional. Ofrecemos servicios como <a href=\"https:\/\/hispasiam.com\/es\/agente-de-compras-internacional\/\" class=\"rank-math-link\"><strong>agente de compras internacional<\/strong><\/a> y como agentes comerciales internacionales.<\/p>\n\n\n\n<p>Nuestro servicio como agente de ventas internacional est\u00e1 pensado para empresas industriales que desean expandir sus productos a nuevos mercados. Tenemos experiencia representando nuestros clientes tanto en el mercado asi\u00e1tico como en el hispano (Latinoam\u00e9rica y Espa\u00f1a).<\/p>\n\n\n\n<p>Creemos en las relaciones a largo plazo y por ese motivo nos esforzamos en buscar siempre las mejores opciones para nuestros clientes.<\/p>\n\n<\/div><\/div><\/div>\n\n<div class=\"gb-grid-column gb-grid-column-7a1520d4\"><div class=\"gb-container gb-container-7a1520d4 object-shadow\"><div class=\"gb-inside-container\">\n\n<h3 class=\"gb-headline gb-headline-39f0c88a gb-headline-text\">Solic\u00edtenos informaci\u00f3n<\/h3>\n\n\n\n<p class=\"gb-headline gb-headline-eb445329 gb-headline-text\">Env\u00edenos un mensaje y uno de nuestros agentes se pondr\u00e1 en contacto con usted.<\/p>\n\n\n\n\t\t\t<link rel=\"stylesheet\" property=\"stylesheet\" href=\"https:\/\/hispasiam.com\/wp-content\/plugins\/happyforms\/bundles\/css\/frontend.css\" \/>\n\t\t\t\t<!-- HappyForms CSS variables -->\n\t<style>\n\t#happyforms-2439 {\n\t\t--happyforms-part-title-font-size: 18px;\n--happyforms-part-description-font-size: 14px;\n--happyforms-part-value-font-size: 17px;\n--happyforms-submit-button-font-size: 18px;\n--happyforms-color-primary: #1f2d3d;\n--happyforms-color-success-notice: #ffffff;\n--happyforms-color-success-notice-text: #406080;\n--happyforms-color-error: #dd3333;\n--happyforms-color-error-notice: #ffffff;\n--happyforms-color-error-notice-text: #dd3333;\n--happyforms-color-part-title: #1f2d3d;\n--happyforms-color-part-value: #1f2d3d;\n--happyforms-color-part-placeholder: #1f2d3d;\n--happyforms-color-part-description: #1f2d3d;\n--happyforms-color-part-border: #1f2d3d;\n--happyforms-color-part-border-focus: #1f2d3d;\n--happyforms-color-part-background: #f5f8fa;\n--happyforms-color-part-background-focus: #f5f8fa;\n--happyforms-color-submit-background: #1f2d3d;\n--happyforms-color-submit-background-hover: #406080;\n--happyforms-color-submit-border: transparent;\n--happyforms-color-submit-text: #ffffff;\n--happyforms-color-submit-text-hover: #ffffff;\n--happyforms-color-table-row-odd: #fcfcfc;\n--happyforms-color-table-row-even: #efefef;\n--happyforms-color-table-row-odd-text: #000000;\n--happyforms-color-table-row-even-text: #000000;\n--happyforms-color-dropdown-item-bg: #ffffff;\n--happyforms-color-dropdown-item-text: #000000;\n--happyforms-color-dropdown-item-bg-hover: #f4f4f5;\n--happyforms-color-dropdown-item-text-hover: #000000;\n--happyforms-color-divider-hr: #cccccc;\n--happyforms-color-choice-checkmark-bg: #ffffff;\n--happyforms-color-choice-checkmark-bg-focus: #000000;\n--happyforms-color-choice-checkmark-color: #ffffff;\n\t}\n\t<\/style>\n\t<!-- End of HappyForms CSS variables -->\n\t\t<!-- HappyForms Additional CSS -->\n\t<style data-happyforms-additional-css>\n\t\t<\/style>\n\t<!-- End of HappyForms Additional CSS -->\n\t\t\t<link rel=\"stylesheet\" type=\"text\/css\" href=\"https:\/\/hispasiam.com\/wp-content\/plugins\/happyforms\/core\/assets\/css\/no-interaction.css\">\n\t\t<div class=\"happyforms-form happyforms-styles happyforms-form--part-borders-bottom-only happyforms-form--part-border-radius-square happyforms-form--part-outer-padding-narrow happyforms-form--part-inner-padding-narrow happyforms-form--submit-button-border-hide happyforms-form--submit-button-border-radius-square happyforms-form--submit-button-fullwidth happyforms-form--submit-button-padding-narrow\" id=\"happyforms-2439\">\n\t\t\n\t<form action=\"\" id=\"happyforms-form-2439\" method=\"post\" novalidate=\"true\" autocomplete=\"off\">\n\t\t\t\t<input type=\"hidden\" name=\"happyforms_random_seed\" value=\"3548860306\" \/>\n\t\t\n\t\t\t<input type=\"hidden\" name=\"action\" value=\"happyforms_message\">\n\t\t\t\t<input type=\"hidden\" name=\"client_referer\" value=\"\">\n\t\t\t\t<input type=\"hidden\" name=\"current_post_id\" value=\"\">\n\t\t\t\t<input type=\"hidden\" name=\"happyforms_form_id\" value=\"2439\" \/>\n\t\t\t\t<input type=\"hidden\" name=\"happyforms_step\" value=\"0\" \/>\n\t\n\t\t<div class=\"happyforms-flex\">\n\t\t\t\t<label for=\"2439-multi_line_text\" class=\"screen-reader-text\">Leave this field blank<\/label>\n\t<input type=\"text\" id=\"2439-multi_line_text\" name=\"2439-multi_line_text\" style=\"display: none;\" tabindex=\"-1\" autocomplete=\"off\" aria-hidden=\"true\">\n\t\t\t\t\t\t\t\t\t\t<div class=\"happyforms-form__part happyforms-part happyforms-part--single_line_text happyforms-part--width-full happyforms-part--label-hidden\" id=\"happyforms-2439_single_line_text_0-part\" data-happyforms-type=\"single_line_text\" data-happyforms-id=\"single_line_text_0\" data-happyforms-required=\"\">\n\t<div class=\"happyforms-part-wrap\">\n\t\t\n\t\t\t\t\t\t<div class=\"happyforms-part__label-container\">\n\t\t\t<\/div>\n\t\t\t\n\t\t\n\t\t<div class=\"happyforms-part__el\">\n\t\t\t\n\t\t\t\n\t\t\t<div class=\"happyforms-input\">\n\t\t\t\t\n\t\t\t\t<input id=\"happyforms-2439_single_line_text_0\" type=\"text\" name=\"2439_single_line_text_0\" value=\"\" placeholder=\"Tu nombre\" autocomplete=\"off\" spellcheck=\"false\"  autocorrect=\"off\" \/>\n\t\t\t\t\t\t\t<\/div>\n\n\t\t\t\n\t\t\t\n\t\t\t\t\t<\/div>\n\t<\/div>\n<\/div>\n<div class=\"happyforms-form__part happyforms-part happyforms-part--single_line_text happyforms-part--width-full happyforms-part--label-hidden\" id=\"happyforms-2439_single_line_text_6-part\" data-happyforms-type=\"single_line_text\" data-happyforms-id=\"single_line_text_6\" data-happyforms-required=\"\">\n\t<div class=\"happyforms-part-wrap\">\n\t\t\n\t\t\t\t\t\t<div class=\"happyforms-part__label-container\">\n\t\t\t<\/div>\n\t\t\t\n\t\t\n\t\t<div class=\"happyforms-part__el\">\n\t\t\t\n\t\t\t\n\t\t\t<div class=\"happyforms-input\">\n\t\t\t\t\n\t\t\t\t<input id=\"happyforms-2439_single_line_text_6\" type=\"text\" name=\"2439_single_line_text_6\" value=\"\" placeholder=\"Tel\u00e9fono de contacto\" autocomplete=\"off\" spellcheck=\"false\"  autocorrect=\"off\" \/>\n\t\t\t\t\t\t\t<\/div>\n\n\t\t\t\n\t\t\t\n\t\t\t\t\t<\/div>\n\t<\/div>\n<\/div>\n<div class=\"happyforms-form__part happyforms-part happyforms-part--multi_line_text happyforms-part--width-full happyforms-part--label-hidden\" id=\"happyforms-2439_multi_line_text_4-part\" data-happyforms-type=\"multi_line_text\" data-happyforms-id=\"multi_line_text_4\" data-happyforms-required=\"\">\n\t<div class=\"happyforms-part-wrap\">\n\t\t\t\t\t\t<div class=\"happyforms-part__label-container\">\n\t\t\t<\/div>\n\t\t\t\n\t\t\n\t\t<div class=\"happyforms-part__el\">\n\t\t\t\n\t\t\t\t\t\t<textarea id=\"happyforms-2439_multi_line_text_4\" name=\"2439_multi_line_text_4\" rows=\"5\" placeholder=\"\u00bfC\u00f3mo podemos ayudarte?\" autocomplete=\"off\" spellcheck=\"false\" autocorrect=\"off\" ><\/textarea>\n\t\t\t\n\t\t\t\n\t\t\t\t\t<\/div>\n\t<\/div>\n<\/div>\n\t\t\t\t\t\t<div class=\"happyforms-form__part happyforms-part happyforms-part--submit\">\n\t\t<button type=\"submit\" class=\"happyforms-submit happyforms-button--submit \">Enviar<\/button>\n\t<\/div>\t\t<\/div>\n\n\t\t\t<\/form>\n\n\t<\/div>\n\n\n<\/div><\/div><\/div>\n<\/div>\n<\/div><\/div>\n\n<div class=\"gb-container gb-container-dcb0f472\"><div class=\"gb-inside-container\">\n<div class=\"gb-grid-wrapper gb-grid-wrapper-be0f40d0\">\n<div class=\"gb-grid-column gb-grid-column-d1592020\"><div class=\"gb-container gb-container-d1592020\"><div class=\"gb-inside-container\">\n\n<figure class=\"wp-block-image size-large photo-shadow img\"><img decoding=\"async\" width=\"450\" height=\"600\" src=\"https:\/\/hispasiam.com\/wp-content\/uploads\/sky.jpg\" alt=\"nu\" class=\"wp-image-6729\" srcset=\"https:\/\/hispasiam.com\/wp-content\/uploads\/sky.jpg 450w, https:\/\/hispasiam.com\/wp-content\/uploads\/sky-225x300.jpg 225w\" sizes=\"(max-width: 450px) 100vw, 450px\" \/><\/figure>\n\n<\/div><\/div><\/div>\n\n<div class=\"gb-grid-column gb-grid-column-9b7bf365\"><div class=\"gb-container gb-container-9b7bf365\"><div class=\"gb-inside-container\">\n\n<p>Antes de representar una marca, siempre hacemos una investigaci\u00f3n de mercado para tener una idea del porcentaje de exito que podemos tener con un producto o marca.<\/p>\n\n\n\n<p>Estudiamos la competencia y elaboramos un \u00abroad trip\u00bb para poder establecernos en el mercado. Cada producto es diferente pero todos tienen algo en com\u00fan, tienen un p\u00fablico objetivo o \u00abtarget\u00bb.<\/p>\n\n\n\n<p class=\"gb-headline gb-headline-8ce5b3e3 gb-headline-text\"><em>Sunaree Sukarom\u2013 Directora comercial (Asia) <\/em><\/p>\n\n\n<div class=\"gb-grid-wrapper gb-grid-wrapper-e7789764\">\n<div class=\"gb-grid-column gb-grid-column-20782dd9\"><div class=\"gb-container gb-container-20782dd9\"><div class=\"gb-inside-container\"><\/div><\/div><\/div>\n<\/div>\n<\/div><\/div><\/div>\n<\/div>\n<\/div><\/div>\n\n<div class=\"gb-container gb-container-e1d010d5\"><div class=\"gb-inside-container\">\n<div class=\"gb-grid-wrapper gb-grid-wrapper-cf67f991\">\n<div class=\"gb-grid-column gb-grid-column-47320e1f\"><div class=\"gb-container gb-container-47320e1f\"><div class=\"gb-inside-container\">\n\n<h2 class=\"wp-block-heading\">\u00bfPor qu\u00e9 escogernos como agentes comerciales internacionales?<\/h2>\n\n\n\n<p>En Hispasiam concentramos nuestros esfuerzos en sistematizar un proceso conjunto focalizado en una serie de factores fundamentales para asegurar las ventas de un producto. Teniendo presente todos \u00e9stos factores, Hispasiam asegura el \u00e9xito y las ventas en el mercado de inter\u00e9s.<\/p>\n\n\n\n<p>Los puntos fundamentales que todo agente comercial internacional deber\u00eda tener en cuenta son:<\/p>\n\n<\/div><\/div><\/div>\n\n<div class=\"gb-grid-column gb-grid-column-6e60dbe4\"><div class=\"gb-container gb-container-6e60dbe4\"><div class=\"gb-inside-container\">\n\n<figure class=\"wp-block-image size-large photo-shadow img\"><img decoding=\"async\" width=\"1024\" height=\"683\" src=\"https:\/\/hispasiam.com\/wp-content\/uploads\/home-hispasiam-ser-1024x683.jpg\" alt=\"agentes comerciales internacionales\" class=\"wp-image-6216\" srcset=\"https:\/\/hispasiam.com\/wp-content\/uploads\/home-hispasiam-ser-1024x683.jpg 1024w, https:\/\/hispasiam.com\/wp-content\/uploads\/home-hispasiam-ser-300x200.jpg 300w, https:\/\/hispasiam.com\/wp-content\/uploads\/home-hispasiam-ser-768x512.jpg 768w, https:\/\/hispasiam.com\/wp-content\/uploads\/home-hispasiam-ser-1536x1024.jpg 1536w, https:\/\/hispasiam.com\/wp-content\/uploads\/home-hispasiam-ser.jpg 1920w\" sizes=\"(max-width: 1024px) 100vw, 1024px\" \/><\/figure>\n\n<\/div><\/div><\/div>\n<\/div>\n\n<div class=\"gb-container gb-container-2acbcfee\"><div class=\"gb-inside-container\">\n\n<div class=\"wp-block-columns is-layout-flex wp-container-core-columns-is-layout-9d6595d7 wp-block-columns-is-layout-flex\">\n<div class=\"wp-block-column is-layout-flow wp-block-column-is-layout-flow\">\n<h3 class=\"gb-headline gb-headline-23d6f9cd gb-headline-text\">Conocimiento del producto<\/h3>\n\n\n\n<p>Estudio profundo del producto que se desea comercializar y de los factores externos del mismo en el mercado. Si no se conocen las caracter\u00edsticas y funcionalidades de un producto, no hay recursos para poder vender el producto.<\/p>\n\n\n\n<h3 class=\"gb-headline gb-headline-a5a9d58a gb-headline-text\">Prospecci\u00f3n<\/h3>\n\n\n\n<p>Desarrollo de actividades proactivas que permitan explorar potenciales clientes, un primer contacto\u2026 (redes sociales, v\u00eda telef\u00f3nica, e-mail, visitas).<\/p>\n\n\n\n<h3 class=\"gb-headline gb-headline-817de496 gb-headline-text\">Contacto<\/h3>\n\n\n\n<p>Despu\u00e9s de un primer contacto, es muy importante dejar buena impresi\u00f3n para ganarse la confianza del cliente. Se analizan meticulosamente las particularidades de cada cliente siendo flexible en todo comunicado.<\/p>\n\n\n\n<h3 class=\"gb-headline gb-headline-a3d02d6c gb-headline-text\">Necesidades<\/h3>\n\n\n\n<p>La clave para mantener el inter\u00e9s de un cliente en un producto o servicio es conocer las necesidades que le interesan al cliente para comprar un producto o contratar un servicio.<\/p>\n<\/div>\n\n\n\n<div class=\"wp-block-column is-layout-flow wp-block-column-is-layout-flow\">\n<h3 class=\"gb-headline gb-headline-fe9077be gb-headline-text\">Marketing<\/h3>\n\n\n\n<p>Una vez que las necesidades de un cliente est\u00e1n debidamente identificadas, el arte de saber marquetear el producto destacando las cualidades que el cliente necesita es una tarea indispensable. En Hispasiam utilizamos todos los canales habilitados para facilitar el Marketing de cualquier producto en cualquier mercado.<\/p>\n\n\n\n<h3 class=\"gb-headline gb-headline-bfea02b8 gb-headline-text\">Atenci\u00f3n al cliente<\/h3>\n\n\n\n<p>Despu\u00e9s de marquetear un producto por redes sociales, anuncios, e-mails, propaganda o tel\u00e9fono, se debe prestar total disponibilidad y atender a todos los clientes. En caso contrario, se correr\u00eda el riesgo de perder potenciales clientes.<\/p>\n\n\n\n<h3 class=\"gb-headline gb-headline-699045f8 gb-headline-text\">Constancia<\/h3>\n\n\n\n<p>Un agente comercial internacional debe ser consciente de que las relaciones comerciales fluct\u00faan en funci\u00f3n de otras variables econ\u00f3micas y del mercado en s\u00ed. La virtud de encontrar un cliente y concluir la venta reside en nunca darse por vencido y ser constante.<\/p>\n<\/div>\n<\/div>\n\n<\/div><\/div>\n<\/div><\/div>\n\n<div class=\"gb-container gb-container-2aa16d1b\"><div class=\"gb-inside-container\">\n\n<div class=\"wp-block-columns is-layout-flex wp-container-core-columns-is-layout-9d6595d7 wp-block-columns-is-layout-flex\">\n<div class=\"wp-block-column is-layout-flow wp-block-column-is-layout-flow\">\n<h2 class=\"wp-block-heading\" id=\"block-1b53a82d-f3dd-4755-9b73-4803703c85de\">\u00bfQu\u00e9 es un agente comercial Internacional?<\/h2>\n\n\n\n<p id=\"block-5d34763f-5a36-43a3-9ea1-1ca43c020a72\">Un agente comercial internacional es un especialista en el \u00e1rea de las ventas que ofrece su servicio a una empresa para realizar todo el proceso comercial de un producto en un pa\u00eds extranjero. Su principal funci\u00f3n es captar el cliente, obtener pedidos y fidelizar al cliente extranjero.<\/p>\n\n\n\n<p>Los agentes comerciales internacionales realizan un estudio inicial para encontrar potenciales clientes que puedan estar interesados en el producto, ya sea porque actualmente compran el mismo producto a otra empresa o por que pueden incluirlo en su cat\u00e1logo de productos. <\/p>\n<\/div>\n\n\n\n<div class=\"wp-block-column is-layout-flow wp-block-column-is-layout-flow\">\n<h2 class=\"wp-block-heading\">\u00bfCu\u00e1les son las principales funciones de los agentes comerciales internacionales?<\/h2>\n\n\n\n<p>Se podr\u00eda decir que hay 3 funciones principales que realizan los agentes comerciales internacionales a diario.<\/p>\n\n\n\n<h3 class=\"wp-block-heading\">B\u00fasqueda de clientes potenciales<\/h3>\n\n\n\n<p>Como ya hemos mencionado con anterioridad, el agente comercial debe estar siempre en b\u00fasqueda de oportunidades de negocio o venta. Esta actitud tiene que ser proactiva y constante para que se logren resultados a corto\/medio plazo. La b\u00fasqueda generalmente se realiza a trav\u00e9s de internet, en persona o telef\u00f3nicamente.<\/p>\n<\/div>\n\n\n\n<div class=\"wp-block-column is-layout-flow wp-block-column-is-layout-flow\">\n<h3 class=\"wp-block-heading\">Atenci\u00f3n al cliente<\/h3>\n\n\n\n<p>Es casi igual de importante conseguir un cliente nuevo que mantener a los clientes en cartera. Este es el motivo principal por el que un agente comercial debe estar siempre disponible para el cliente e intentar darle una atenci\u00f3n r\u00e1pida y eficaz.<\/p>\n\n\n\n<h3 class=\"wp-block-heading\">Tramitaci\u00f3n de pedidos<\/h3>\n\n\n\n<p>Los agentes comerciales son posiblemente los primeros en recibir las \u00f3rdenes de pedido, por lo tanto son los que deben tramitar los pedidos y asegurarse que el pedido que se tramitar\u00e1 es lo que realmente necesita el cliente. Tambi\u00e9n ser\u00e1n los encargados de darle seguimiento al mismo para informar al cliente de su estado.<\/p>\n<\/div>\n<\/div>\n\n<\/div><\/div>\n\n<div class=\"gb-container gb-container-06d85bbf\"><div class=\"gb-inside-container\">\n\n<h2 class=\"gb-headline gb-headline-3d4560ab gb-headline-text\">Contacte con nosotros para conocer nuestras condiciones de representaci\u00f3n comercial.<\/h2>\n\n\n<div class=\"gb-button-wrapper gb-button-wrapper-c9253949\">\n\n<a class=\"gb-button gb-button-69a56173 gb-button-text button\" href=\"https:\/\/hispasiam.com\/es\/contacto\/\">Quiero informaci\u00f3n<\/a>\n\n<\/div>\n<\/div><\/div>","protected":false},"excerpt":{"rendered":"<p>Conocimiento del producto Estudio profundo del producto que se desea comercializar y de los factores externos del mismo en el mercado. Si no se conocen las caracter\u00edsticas y funcionalidades de &#8230; <a title=\"Agentes comerciales internacionales\" class=\"read-more\" href=\"https:\/\/hispasiam.com\/es\/agentes-comerciales-internacionales\/\" aria-label=\"Leer m\u00e1s sobre Agentes comerciales internacionales\">Leer<\/a><\/p>\n","protected":false},"author":1,"featured_media":0,"parent":0,"menu_order":0,"comment_status":"closed","ping_status":"closed","template":"","meta":{"footnotes":""},"class_list":["post-6419","page","type-page","status-publish"],"_links":{"self":[{"href":"https:\/\/hispasiam.com\/es\/wp-json\/wp\/v2\/pages\/6419","targetHints":{"allow":["GET"]}}],"collection":[{"href":"https:\/\/hispasiam.com\/es\/wp-json\/wp\/v2\/pages"}],"about":[{"href":"https:\/\/hispasiam.com\/es\/wp-json\/wp\/v2\/types\/page"}],"author":[{"embeddable":true,"href":"https:\/\/hispasiam.com\/es\/wp-json\/wp\/v2\/users\/1"}],"replies":[{"embeddable":true,"href":"https:\/\/hispasiam.com\/es\/wp-json\/wp\/v2\/comments?post=6419"}],"version-history":[{"count":28,"href":"https:\/\/hispasiam.com\/es\/wp-json\/wp\/v2\/pages\/6419\/revisions"}],"predecessor-version":[{"id":6912,"href":"https:\/\/hispasiam.com\/es\/wp-json\/wp\/v2\/pages\/6419\/revisions\/6912"}],"wp:attachment":[{"href":"https:\/\/hispasiam.com\/es\/wp-json\/wp\/v2\/media?parent=6419"}],"curies":[{"name":"wp","href":"https:\/\/api.w.org\/{rel}","templated":true}]}}