{"id":6184,"date":"2020-11-29T23:25:37","date_gmt":"2020-11-29T23:25:37","guid":{"rendered":"https:\/\/hispasiam.com\/?page_id=6184"},"modified":"2020-12-04T16:20:59","modified_gmt":"2020-12-04T16:20:59","slug":"proveedores","status":"publish","type":"page","link":"https:\/\/hispasiam.com\/es\/proveedores\/","title":{"rendered":"Proveedores: intermediarios de comercio al por mayor"},"content":{"rendered":"<div class=\"gb-container gb-container-c40b00b3\"><div class=\"gb-inside-container\">\n<div class=\"gb-grid-wrapper gb-grid-wrapper-81571767\">\n<div class=\"gb-grid-column gb-grid-column-05e112c1\"><div class=\"gb-container gb-container-05e112c1\"><div class=\"gb-inside-container\">\n\n<h2 class=\"gb-headline gb-headline-cb657ddf gb-headline-text\">Trabajamos con un cat\u00e1logo de proveedores asi\u00e1ticos confiables<\/h2>\n\n\n\n<p>En Hispasiam trabajamos con proveedores de confianza y que garantizan una producci\u00f3n estable y de calidad. Seleccionamos los proveedores a trav\u00e9s de auditor\u00edas y solicitud de muestras. Ejercemos como intermediarios de comercio exterior y trabajamos con proveedores asi\u00e1ticos confiables de varias industrias.<\/p>\n\n\n\n<p>Si usted es empresario o distribuidor de un producto y est\u00e1 en b\u00fasqueda de proveedores no dude en ponerse en contacto con nosotros para que le busquemos el mejor proveedor para su producto o sector. Trabajamos con varios fabricantes que ofrecen <a href=\"https:\/\/hispasiam.com\/es\/fabricacion-a-terceros\/\" class=\"rank-math-link\">fabricaci\u00f3n a terceros<\/a> para que pueda estampar su marca en el producto.<\/p>\n\n<\/div><\/div><\/div>\n\n<div class=\"gb-grid-column gb-grid-column-7a1520d4\"><div class=\"gb-container gb-container-7a1520d4 object-shadow\"><div class=\"gb-inside-container\">\n\n<h3 class=\"gb-headline gb-headline-39f0c88a gb-headline-text\">Hable con un consultor hoy<\/h3>\n\n\n\n<p class=\"gb-headline gb-headline-eb445329 gb-headline-text\">Expl\u00edquenos qu\u00e9 producto est\u00e1 buscando y nos pondremos en contacto con usted.<\/p>\n\n\n\n\t\t\t<link rel=\"stylesheet\" property=\"stylesheet\" href=\"https:\/\/hispasiam.com\/wp-content\/plugins\/happyforms\/bundles\/css\/frontend.css\" \/>\n\t\t\t\t<!-- HappyForms CSS variables -->\n\t<style>\n\t#happyforms-2439 {\n\t\t--happyforms-part-title-font-size: 18px;\n--happyforms-part-description-font-size: 14px;\n--happyforms-part-value-font-size: 17px;\n--happyforms-submit-button-font-size: 18px;\n--happyforms-color-primary: #1f2d3d;\n--happyforms-color-success-notice: #ffffff;\n--happyforms-color-success-notice-text: #406080;\n--happyforms-color-error: #dd3333;\n--happyforms-color-error-notice: #ffffff;\n--happyforms-color-error-notice-text: #dd3333;\n--happyforms-color-part-title: #1f2d3d;\n--happyforms-color-part-value: #1f2d3d;\n--happyforms-color-part-placeholder: #1f2d3d;\n--happyforms-color-part-description: #1f2d3d;\n--happyforms-color-part-border: #1f2d3d;\n--happyforms-color-part-border-focus: #1f2d3d;\n--happyforms-color-part-background: #f5f8fa;\n--happyforms-color-part-background-focus: #f5f8fa;\n--happyforms-color-submit-background: #1f2d3d;\n--happyforms-color-submit-background-hover: #406080;\n--happyforms-color-submit-border: transparent;\n--happyforms-color-submit-text: #ffffff;\n--happyforms-color-submit-text-hover: #ffffff;\n--happyforms-color-table-row-odd: #fcfcfc;\n--happyforms-color-table-row-even: #efefef;\n--happyforms-color-table-row-odd-text: #000000;\n--happyforms-color-table-row-even-text: #000000;\n--happyforms-color-dropdown-item-bg: #ffffff;\n--happyforms-color-dropdown-item-text: #000000;\n--happyforms-color-dropdown-item-bg-hover: #f4f4f5;\n--happyforms-color-dropdown-item-text-hover: #000000;\n--happyforms-color-divider-hr: #cccccc;\n--happyforms-color-choice-checkmark-bg: #ffffff;\n--happyforms-color-choice-checkmark-bg-focus: #000000;\n--happyforms-color-choice-checkmark-color: #ffffff;\n\t}\n\t<\/style>\n\t<!-- End of HappyForms CSS variables -->\n\t\t<!-- HappyForms Additional CSS -->\n\t<style data-happyforms-additional-css>\n\t\t<\/style>\n\t<!-- End of HappyForms Additional CSS -->\n\t\t\t<link rel=\"stylesheet\" type=\"text\/css\" href=\"https:\/\/hispasiam.com\/wp-content\/plugins\/happyforms\/core\/assets\/css\/no-interaction.css\">\n\t\t<div class=\"happyforms-form happyforms-styles happyforms-form--part-borders-bottom-only happyforms-form--part-border-radius-square happyforms-form--part-outer-padding-narrow happyforms-form--part-inner-padding-narrow happyforms-form--submit-button-border-hide happyforms-form--submit-button-border-radius-square happyforms-form--submit-button-fullwidth happyforms-form--submit-button-padding-narrow\" id=\"happyforms-2439\">\n\t\t\n\t<form action=\"\" id=\"happyforms-form-2439\" method=\"post\" novalidate=\"true\" autocomplete=\"off\">\n\t\t\t\t<input type=\"hidden\" name=\"happyforms_random_seed\" value=\"4192984595\" \/>\n\t\t\n\t\t\t<input type=\"hidden\" name=\"action\" value=\"happyforms_message\">\n\t\t\t\t<input type=\"hidden\" name=\"client_referer\" value=\"\">\n\t\t\t\t<input type=\"hidden\" name=\"current_post_id\" value=\"\">\n\t\t\t\t<input type=\"hidden\" name=\"happyforms_form_id\" value=\"2439\" \/>\n\t\t\t\t<input type=\"hidden\" name=\"happyforms_step\" value=\"0\" \/>\n\t\n\t\t<div class=\"happyforms-flex\">\n\t\t\t\t<label for=\"2439-number\" class=\"screen-reader-text\">Leave this field blank<\/label>\n\t<input type=\"text\" id=\"2439-number\" name=\"2439-number\" style=\"display: none;\" tabindex=\"-1\" autocomplete=\"off\" aria-hidden=\"true\">\n\t\t\t\t\t\t\t\t\t\t<div class=\"happyforms-form__part happyforms-part happyforms-part--single_line_text happyforms-part--width-full happyforms-part--label-hidden\" id=\"happyforms-2439_single_line_text_0-part\" data-happyforms-type=\"single_line_text\" data-happyforms-id=\"single_line_text_0\" data-happyforms-required=\"\">\n\t<div class=\"happyforms-part-wrap\">\n\t\t\n\t\t\t\t\t\t<div class=\"happyforms-part__label-container\">\n\t\t\t<\/div>\n\t\t\t\n\t\t\n\t\t<div class=\"happyforms-part__el\">\n\t\t\t\n\t\t\t\n\t\t\t<div class=\"happyforms-input\">\n\t\t\t\t\n\t\t\t\t<input id=\"happyforms-2439_single_line_text_0\" type=\"text\" name=\"2439_single_line_text_0\" value=\"\" placeholder=\"Tu nombre\" autocomplete=\"off\" spellcheck=\"false\"  autocorrect=\"off\" \/>\n\t\t\t\t\t\t\t<\/div>\n\n\t\t\t\n\t\t\t\n\t\t\t\t\t<\/div>\n\t<\/div>\n<\/div>\n<div class=\"happyforms-form__part happyforms-part happyforms-part--single_line_text happyforms-part--width-full happyforms-part--label-hidden\" id=\"happyforms-2439_single_line_text_6-part\" data-happyforms-type=\"single_line_text\" data-happyforms-id=\"single_line_text_6\" data-happyforms-required=\"\">\n\t<div class=\"happyforms-part-wrap\">\n\t\t\n\t\t\t\t\t\t<div class=\"happyforms-part__label-container\">\n\t\t\t<\/div>\n\t\t\t\n\t\t\n\t\t<div class=\"happyforms-part__el\">\n\t\t\t\n\t\t\t\n\t\t\t<div class=\"happyforms-input\">\n\t\t\t\t\n\t\t\t\t<input id=\"happyforms-2439_single_line_text_6\" type=\"text\" name=\"2439_single_line_text_6\" value=\"\" placeholder=\"Tel\u00e9fono de contacto\" autocomplete=\"off\" spellcheck=\"false\"  autocorrect=\"off\" \/>\n\t\t\t\t\t\t\t<\/div>\n\n\t\t\t\n\t\t\t\n\t\t\t\t\t<\/div>\n\t<\/div>\n<\/div>\n<div class=\"happyforms-form__part happyforms-part happyforms-part--multi_line_text happyforms-part--width-full happyforms-part--label-hidden\" id=\"happyforms-2439_multi_line_text_4-part\" data-happyforms-type=\"multi_line_text\" data-happyforms-id=\"multi_line_text_4\" data-happyforms-required=\"\">\n\t<div class=\"happyforms-part-wrap\">\n\t\t\t\t\t\t<div class=\"happyforms-part__label-container\">\n\t\t\t<\/div>\n\t\t\t\n\t\t\n\t\t<div class=\"happyforms-part__el\">\n\t\t\t\n\t\t\t\t\t\t<textarea id=\"happyforms-2439_multi_line_text_4\" name=\"2439_multi_line_text_4\" rows=\"5\" placeholder=\"\u00bfC\u00f3mo podemos ayudarte?\" autocomplete=\"off\" spellcheck=\"false\" autocorrect=\"off\" ><\/textarea>\n\t\t\t\n\t\t\t\n\t\t\t\t\t<\/div>\n\t<\/div>\n<\/div>\n\t\t\t\t\t\t<div class=\"happyforms-form__part happyforms-part happyforms-part--submit\">\n\t\t<button type=\"submit\" class=\"happyforms-submit happyforms-button--submit \">Enviar<\/button>\n\t<\/div>\t\t<\/div>\n\n\t\t\t<\/form>\n\n\t<\/div>\n\n\n<\/div><\/div><\/div>\n<\/div>\n<\/div><\/div>\n\n<div class=\"gb-container gb-container-dcb0f472\"><div class=\"gb-inside-container\">\n\n<h2 class=\"wp-block-heading\">Proveedores por industria<\/h2>\n\n\n\n<p>A continuaci\u00f3n le mostramos algunos de los sectores con los que trabajamos habitualmente y en los que tenemos contacto habitual con proveedores mayoristas. Si no encuentra su sector o producto en la lista, m\u00e1ndenos un mensaje, ya que es posible que ya estemos trabajando con el producto pero no est\u00e9 listado en nuestra p\u00e1gina web.<\/p>\n\n<\/div><\/div>\n\n<div class=\"gb-container gb-container-e1d010d5\"><div class=\"gb-inside-container\">\n<div class=\"gb-grid-wrapper gb-grid-wrapper-cf67f991\">\n<div class=\"gb-grid-column gb-grid-column-33135af3\"><div class=\"gb-container gb-container-33135af3\"><div class=\"gb-inside-container\">\n\n<h4 class=\"gb-headline gb-headline-dd4dfd98\"><span class=\"gb-icon\"><svg xmlns=\"http:\/\/www.w3.org\/2000\/svg\" viewBox=\"0 0 512 512\" width=\"1em\" height=\"1em\" aria-hidden=\"true\"><path d=\"M466.5 83.7l-192-80a48.15 48.15 0 0 0-36.9 0l-192 80C27.7 91.1 16 108.6 16 128c0 198.5 114.5 335.7 221.5 380.3 11.8 4.9 25.1 4.9 36.9 0C360.1 472.6 496 349.3 496 128c0-19.4-11.7-36.9-29.5-44.3zM256.1 446.3l-.1-381 175.9 73.3c-3.3 151.4-82.1 261.1-175.8 307.7z\" fill=\"currentColor\"><\/path><\/svg><\/span><span class=\"gb-headline-text\">Proveedores del sector textil<\/span><\/h4>\n\n\n\n<p>Trabajamos con varios proveedores del sector textil que ofrecen la posibilidad de personalizar sus productos con los requerimientos del cliente.<\/p>\n\n\n\n<p class=\"gb-headline gb-headline-a2aaf681\"><span class=\"gb-icon\"><svg xmlns=\"http:\/\/www.w3.org\/2000\/svg\" viewBox=\"0 0 256 512\" width=\"1em\" height=\"1em\" aria-hidden=\"true\"><path d=\"M224.3 273l-136 136c-9.4 9.4-24.6 9.4-33.9 0l-22.6-22.6c-9.4-9.4-9.4-24.6 0-33.9l96.4-96.4-96.4-96.4c-9.4-9.4-9.4-24.6 0-33.9L54.3 103c9.4-9.4 24.6-9.4 33.9 0l136 136c9.5 9.4 9.5 24.6.1 34z\" fill=\"currentColor\"><\/path><\/svg><\/span><span class=\"gb-headline-text\">Telas<\/span><\/p>\n\n\n\n<p class=\"gb-headline gb-headline-175e5b15\"><span class=\"gb-icon\"><svg xmlns=\"http:\/\/www.w3.org\/2000\/svg\" viewBox=\"0 0 256 512\" width=\"1em\" height=\"1em\" aria-hidden=\"true\"><path d=\"M224.3 273l-136 136c-9.4 9.4-24.6 9.4-33.9 0l-22.6-22.6c-9.4-9.4-9.4-24.6 0-33.9l96.4-96.4-96.4-96.4c-9.4-9.4-9.4-24.6 0-33.9L54.3 103c9.4-9.4 24.6-9.4 33.9 0l136 136c9.5 9.4 9.5 24.6.1 34z\" fill=\"currentColor\"><\/path><\/svg><\/span><span class=\"gb-headline-text\">Ropa<\/span><\/p>\n\n\n\n<p class=\"gb-headline gb-headline-c96c087a\"><span class=\"gb-icon\"><svg xmlns=\"http:\/\/www.w3.org\/2000\/svg\" viewBox=\"0 0 256 512\" width=\"1em\" height=\"1em\" aria-hidden=\"true\"><path d=\"M224.3 273l-136 136c-9.4 9.4-24.6 9.4-33.9 0l-22.6-22.6c-9.4-9.4-9.4-24.6 0-33.9l96.4-96.4-96.4-96.4c-9.4-9.4-9.4-24.6 0-33.9L54.3 103c9.4-9.4 24.6-9.4 33.9 0l136 136c9.5 9.4 9.5 24.6.1 34z\" fill=\"currentColor\"><\/path><\/svg><\/span><span class=\"gb-headline-text\">Camisetas<\/span><\/p>\n\n\n\n<p class=\"gb-headline gb-headline-d0b15f09\"><span class=\"gb-icon\"><svg xmlns=\"http:\/\/www.w3.org\/2000\/svg\" viewBox=\"0 0 256 512\" width=\"1em\" height=\"1em\" aria-hidden=\"true\"><path d=\"M224.3 273l-136 136c-9.4 9.4-24.6 9.4-33.9 0l-22.6-22.6c-9.4-9.4-9.4-24.6 0-33.9l96.4-96.4-96.4-96.4c-9.4-9.4-9.4-24.6 0-33.9L54.3 103c9.4-9.4 24.6-9.4 33.9 0l136 136c9.5 9.4 9.5 24.6.1 34z\" fill=\"currentColor\"><\/path><\/svg><\/span><span class=\"gb-headline-text\">Parches<\/span><\/p>\n\n<\/div><\/div><\/div>\n\n<div class=\"gb-grid-column gb-grid-column-d3a9c7cc\"><div class=\"gb-container gb-container-d3a9c7cc\"><div class=\"gb-inside-container\">\n\n<h4 class=\"gb-headline gb-headline-e11f8b5e\"><span class=\"gb-icon\"><svg xmlns=\"http:\/\/www.w3.org\/2000\/svg\" viewBox=\"0 0 512 512\" width=\"1em\" height=\"1em\" aria-hidden=\"true\"><path d=\"M466.5 83.7l-192-80a48.15 48.15 0 0 0-36.9 0l-192 80C27.7 91.1 16 108.6 16 128c0 198.5 114.5 335.7 221.5 380.3 11.8 4.9 25.1 4.9 36.9 0C360.1 472.6 496 349.3 496 128c0-19.4-11.7-36.9-29.5-44.3zM256.1 446.3l-.1-381 175.9 73.3c-3.3 151.4-82.1 261.1-175.8 307.7z\" fill=\"currentColor\"><\/path><\/svg><\/span><span class=\"gb-headline-text\">Proveedores de alimentaci\u00f3n y bebidas<\/span><\/h4>\n\n\n\n<p>Actuamos como intermediarios de comercio al por mayor y trabajamos con proveedores de alimentaci\u00f3n y bebidas tanto asi\u00e1ticos como Espa\u00f1oles.<\/p>\n\n\n\n<p class=\"gb-headline gb-headline-e9094171\"><span class=\"gb-icon\"><svg xmlns=\"http:\/\/www.w3.org\/2000\/svg\" viewBox=\"0 0 256 512\" width=\"1em\" height=\"1em\" aria-hidden=\"true\"><path d=\"M224.3 273l-136 136c-9.4 9.4-24.6 9.4-33.9 0l-22.6-22.6c-9.4-9.4-9.4-24.6 0-33.9l96.4-96.4-96.4-96.4c-9.4-9.4-9.4-24.6 0-33.9L54.3 103c9.4-9.4 24.6-9.4 33.9 0l136 136c9.5 9.4 9.5 24.6.1 34z\" fill=\"currentColor\"><\/path><\/svg><\/span><span class=\"gb-headline-text\">Aceite<\/span><\/p>\n\n\n\n<p class=\"gb-headline gb-headline-80be49d9\"><span class=\"gb-icon\"><svg xmlns=\"http:\/\/www.w3.org\/2000\/svg\" viewBox=\"0 0 256 512\" width=\"1em\" height=\"1em\" aria-hidden=\"true\"><path d=\"M224.3 273l-136 136c-9.4 9.4-24.6 9.4-33.9 0l-22.6-22.6c-9.4-9.4-9.4-24.6 0-33.9l96.4-96.4-96.4-96.4c-9.4-9.4-9.4-24.6 0-33.9L54.3 103c9.4-9.4 24.6-9.4 33.9 0l136 136c9.5 9.4 9.5 24.6.1 34z\" fill=\"currentColor\"><\/path><\/svg><\/span><span class=\"gb-headline-text\">Pescado enlatado<\/span><\/p>\n\n\n\n<p class=\"gb-headline gb-headline-d65db7c6\"><span class=\"gb-icon\"><svg xmlns=\"http:\/\/www.w3.org\/2000\/svg\" viewBox=\"0 0 256 512\" width=\"1em\" height=\"1em\" aria-hidden=\"true\"><path d=\"M224.3 273l-136 136c-9.4 9.4-24.6 9.4-33.9 0l-22.6-22.6c-9.4-9.4-9.4-24.6 0-33.9l96.4-96.4-96.4-96.4c-9.4-9.4-9.4-24.6 0-33.9L54.3 103c9.4-9.4 24.6-9.4 33.9 0l136 136c9.5 9.4 9.5 24.6.1 34z\" fill=\"currentColor\"><\/path><\/svg><\/span><span class=\"gb-headline-text\">Salsas<\/span><\/p>\n\n\n\n<p class=\"gb-headline gb-headline-e7985afe\"><span class=\"gb-icon\"><svg xmlns=\"http:\/\/www.w3.org\/2000\/svg\" viewBox=\"0 0 256 512\" width=\"1em\" height=\"1em\" aria-hidden=\"true\"><path d=\"M224.3 273l-136 136c-9.4 9.4-24.6 9.4-33.9 0l-22.6-22.6c-9.4-9.4-9.4-24.6 0-33.9l96.4-96.4-96.4-96.4c-9.4-9.4-9.4-24.6 0-33.9L54.3 103c9.4-9.4 24.6-9.4 33.9 0l136 136c9.5 9.4 9.5 24.6.1 34z\" fill=\"currentColor\"><\/path><\/svg><\/span><span class=\"gb-headline-text\">Vino<\/span><\/p>\n\n<\/div><\/div><\/div>\n\n<div class=\"gb-grid-column gb-grid-column-c328fe1a\"><div class=\"gb-container gb-container-c328fe1a\"><div class=\"gb-inside-container\">\n\n<h4 class=\"gb-headline gb-headline-560b04c2\"><span class=\"gb-icon\"><svg xmlns=\"http:\/\/www.w3.org\/2000\/svg\" viewBox=\"0 0 512 512\" width=\"1em\" height=\"1em\" aria-hidden=\"true\"><path d=\"M466.5 83.7l-192-80a48.15 48.15 0 0 0-36.9 0l-192 80C27.7 91.1 16 108.6 16 128c0 198.5 114.5 335.7 221.5 380.3 11.8 4.9 25.1 4.9 36.9 0C360.1 472.6 496 349.3 496 128c0-19.4-11.7-36.9-29.5-44.3zM256.1 446.3l-.1-381 175.9 73.3c-3.3 151.4-82.1 261.1-175.8 307.7z\" fill=\"currentColor\"><\/path><\/svg><\/span><span class=\"gb-headline-text\">Proveedores de cosm\u00e9ticos<\/span><\/h4>\n\n\n\n<p>El sector de los cosm\u00e9ticos es uno de los m\u00e1s demandados por nuestros clientes. Nuestros proveedores de cosm\u00e9ticos ofrecen calidad y garant\u00edas y trabajamos con proveedores de Espa\u00f1a y Asia.<\/p>\n\n\n\n<p class=\"gb-headline gb-headline-c506cc82\"><span class=\"gb-icon\"><svg xmlns=\"http:\/\/www.w3.org\/2000\/svg\" viewBox=\"0 0 256 512\" width=\"1em\" height=\"1em\" aria-hidden=\"true\"><path d=\"M224.3 273l-136 136c-9.4 9.4-24.6 9.4-33.9 0l-22.6-22.6c-9.4-9.4-9.4-24.6 0-33.9l96.4-96.4-96.4-96.4c-9.4-9.4-9.4-24.6 0-33.9L54.3 103c9.4-9.4 24.6-9.4 33.9 0l136 136c9.5 9.4 9.5 24.6.1 34z\" fill=\"currentColor\"><\/path><\/svg><\/span><span class=\"gb-headline-text\">Cremas<\/span><\/p>\n\n\n\n<p class=\"gb-headline gb-headline-569ebaa4\"><span class=\"gb-icon\"><svg xmlns=\"http:\/\/www.w3.org\/2000\/svg\" viewBox=\"0 0 256 512\" width=\"1em\" height=\"1em\" aria-hidden=\"true\"><path d=\"M224.3 273l-136 136c-9.4 9.4-24.6 9.4-33.9 0l-22.6-22.6c-9.4-9.4-9.4-24.6 0-33.9l96.4-96.4-96.4-96.4c-9.4-9.4-9.4-24.6 0-33.9L54.3 103c9.4-9.4 24.6-9.4 33.9 0l136 136c9.5 9.4 9.5 24.6.1 34z\" fill=\"currentColor\"><\/path><\/svg><\/span><span class=\"gb-headline-text\">Maquillajes<\/span><\/p>\n\n\n\n<p class=\"gb-headline gb-headline-f3fe898a\"><span class=\"gb-icon\"><svg xmlns=\"http:\/\/www.w3.org\/2000\/svg\" viewBox=\"0 0 256 512\" width=\"1em\" height=\"1em\" aria-hidden=\"true\"><path d=\"M224.3 273l-136 136c-9.4 9.4-24.6 9.4-33.9 0l-22.6-22.6c-9.4-9.4-9.4-24.6 0-33.9l96.4-96.4-96.4-96.4c-9.4-9.4-9.4-24.6 0-33.9L54.3 103c9.4-9.4 24.6-9.4 33.9 0l136 136c9.5 9.4 9.5 24.6.1 34z\" fill=\"currentColor\"><\/path><\/svg><\/span><span class=\"gb-headline-text\">Perfumes<\/span><\/p>\n\n\n\n<p class=\"gb-headline gb-headline-d4fc1979\"><span class=\"gb-icon\"><svg xmlns=\"http:\/\/www.w3.org\/2000\/svg\" viewBox=\"0 0 256 512\" width=\"1em\" height=\"1em\" aria-hidden=\"true\"><path d=\"M224.3 273l-136 136c-9.4 9.4-24.6 9.4-33.9 0l-22.6-22.6c-9.4-9.4-9.4-24.6 0-33.9l96.4-96.4-96.4-96.4c-9.4-9.4-9.4-24.6 0-33.9L54.3 103c9.4-9.4 24.6-9.4 33.9 0l136 136c9.5 9.4 9.5 24.6.1 34z\" fill=\"currentColor\"><\/path><\/svg><\/span><span class=\"gb-headline-text\">Pintalabios<\/span><\/p>\n\n<\/div><\/div><\/div>\n\n<div class=\"gb-grid-column gb-grid-column-89dfe1f1\"><div class=\"gb-container gb-container-89dfe1f1\"><div class=\"gb-inside-container\">\n\n<h4 class=\"gb-headline gb-headline-16793a74\"><span class=\"gb-icon\"><svg xmlns=\"http:\/\/www.w3.org\/2000\/svg\" viewBox=\"0 0 512 512\" width=\"1em\" height=\"1em\" aria-hidden=\"true\"><path d=\"M466.5 83.7l-192-80a48.15 48.15 0 0 0-36.9 0l-192 80C27.7 91.1 16 108.6 16 128c0 198.5 114.5 335.7 221.5 380.3 11.8 4.9 25.1 4.9 36.9 0C360.1 472.6 496 349.3 496 128c0-19.4-11.7-36.9-29.5-44.3zM256.1 446.3l-.1-381 175.9 73.3c-3.3 151.4-82.1 261.1-175.8 307.7z\" fill=\"currentColor\"><\/path><\/svg><\/span><span class=\"gb-headline-text\">Proveedores de energ\u00eda<\/span><\/h4>\n\n\n\n<p>En Hispasiam tenemos una alta concienciaci\u00f3n ambiental y por eso apostamos por las energ\u00edas renovables. Nuestros proveedores del sector energ\u00eda ofrecen calidad y capacidad de producci\u00f3n.<\/p>\n\n\n\n<p class=\"gb-headline gb-headline-bc60dd91\"><span class=\"gb-icon\"><svg xmlns=\"http:\/\/www.w3.org\/2000\/svg\" viewBox=\"0 0 256 512\" width=\"1em\" height=\"1em\" aria-hidden=\"true\"><path d=\"M224.3 273l-136 136c-9.4 9.4-24.6 9.4-33.9 0l-22.6-22.6c-9.4-9.4-9.4-24.6 0-33.9l96.4-96.4-96.4-96.4c-9.4-9.4-9.4-24.6 0-33.9L54.3 103c9.4-9.4 24.6-9.4 33.9 0l136 136c9.5 9.4 9.5 24.6.1 34z\" fill=\"currentColor\"><\/path><\/svg><\/span><span class=\"gb-headline-text\">Paneles solares<\/span><\/p>\n\n\n\n<p class=\"gb-headline gb-headline-75eaab55\"><span class=\"gb-icon\"><svg xmlns=\"http:\/\/www.w3.org\/2000\/svg\" viewBox=\"0 0 256 512\" width=\"1em\" height=\"1em\" aria-hidden=\"true\"><path d=\"M224.3 273l-136 136c-9.4 9.4-24.6 9.4-33.9 0l-22.6-22.6c-9.4-9.4-9.4-24.6 0-33.9l96.4-96.4-96.4-96.4c-9.4-9.4-9.4-24.6 0-33.9L54.3 103c9.4-9.4 24.6-9.4 33.9 0l136 136c9.5 9.4 9.5 24.6.1 34z\" fill=\"currentColor\"><\/path><\/svg><\/span><span class=\"gb-headline-text\">Led<\/span><\/p>\n\n\n\n<p class=\"gb-headline gb-headline-66f17cff\"><span class=\"gb-icon\"><svg xmlns=\"http:\/\/www.w3.org\/2000\/svg\" viewBox=\"0 0 256 512\" width=\"1em\" height=\"1em\" aria-hidden=\"true\"><path d=\"M224.3 273l-136 136c-9.4 9.4-24.6 9.4-33.9 0l-22.6-22.6c-9.4-9.4-9.4-24.6 0-33.9l96.4-96.4-96.4-96.4c-9.4-9.4-9.4-24.6 0-33.9L54.3 103c9.4-9.4 24.6-9.4 33.9 0l136 136c9.5 9.4 9.5 24.6.1 34z\" fill=\"currentColor\"><\/path><\/svg><\/span><span class=\"gb-headline-text\">Farolas<\/span><\/p>\n\n\n\n<p class=\"gb-headline gb-headline-895ba999\"><span class=\"gb-icon\"><svg xmlns=\"http:\/\/www.w3.org\/2000\/svg\" viewBox=\"0 0 256 512\" width=\"1em\" height=\"1em\" aria-hidden=\"true\"><path d=\"M224.3 273l-136 136c-9.4 9.4-24.6 9.4-33.9 0l-22.6-22.6c-9.4-9.4-9.4-24.6 0-33.9l96.4-96.4-96.4-96.4c-9.4-9.4-9.4-24.6 0-33.9L54.3 103c9.4-9.4 24.6-9.4 33.9 0l136 136c9.5 9.4 9.5 24.6.1 34z\" fill=\"currentColor\"><\/path><\/svg><\/span><span class=\"gb-headline-text\">Componentes fotovoltaicos<\/span><\/p>\n\n<\/div><\/div><\/div>\n\n<div class=\"gb-grid-column gb-grid-column-639b1846\"><div class=\"gb-container gb-container-639b1846\"><div class=\"gb-inside-container\"><\/div><\/div><\/div>\n<\/div>\n<\/div><\/div>\n\n<div class=\"gb-container gb-container-06d85bbf\"><div class=\"gb-inside-container\">\n\n<h2 class=\"gb-headline gb-headline-3d4560ab gb-headline-text\">Cont\u00e1ctenos si busca un producto espec\u00edfico y no lo ve listado en nuestra web.<\/h2>\n\n\n<div class=\"gb-button-wrapper gb-button-wrapper-c9253949\">\n\n<a class=\"gb-button gb-button-69a56173 gb-button-text button\" href=\"https:\/\/hispasiam.com\/es\/contacto\/\">Contacto<\/a>\n\n<\/div>\n<\/div><\/div>","protected":false},"excerpt":{"rendered":"<p>Proveedores por industria A continuaci\u00f3n le mostramos algunos de los sectores con los que trabajamos habitualmente y en los que tenemos contacto habitual con proveedores mayoristas. Si no encuentra su &#8230; <a title=\"Proveedores: intermediarios de comercio al por mayor\" class=\"read-more\" href=\"https:\/\/hispasiam.com\/es\/proveedores\/\" aria-label=\"Leer m\u00e1s sobre Proveedores: intermediarios de comercio al por mayor\">Leer<\/a><\/p>\n","protected":false},"author":1,"featured_media":0,"parent":0,"menu_order":0,"comment_status":"closed","ping_status":"closed","template":"","meta":{"footnotes":""},"class_list":["post-6184","page","type-page","status-publish"],"_links":{"self":[{"href":"https:\/\/hispasiam.com\/es\/wp-json\/wp\/v2\/pages\/6184","targetHints":{"allow":["GET"]}}],"collection":[{"href":"https:\/\/hispasiam.com\/es\/wp-json\/wp\/v2\/pages"}],"about":[{"href":"https:\/\/hispasiam.com\/es\/wp-json\/wp\/v2\/types\/page"}],"author":[{"embeddable":true,"href":"https:\/\/hispasiam.com\/es\/wp-json\/wp\/v2\/users\/1"}],"replies":[{"embeddable":true,"href":"https:\/\/hispasiam.com\/es\/wp-json\/wp\/v2\/comments?post=6184"}],"version-history":[{"count":25,"href":"https:\/\/hispasiam.com\/es\/wp-json\/wp\/v2\/pages\/6184\/revisions"}],"predecessor-version":[{"id":6654,"href":"https:\/\/hispasiam.com\/es\/wp-json\/wp\/v2\/pages\/6184\/revisions\/6654"}],"wp:attachment":[{"href":"https:\/\/hispasiam.com\/es\/wp-json\/wp\/v2\/media?parent=6184"}],"curies":[{"name":"wp","href":"https:\/\/api.w.org\/{rel}","templated":true}]}}