{"id":2499,"date":"2020-08-07T14:49:14","date_gmt":"2020-08-07T18:49:14","guid":{"rendered":"https:\/\/gpsites.co\/ethos\/?page_id=2499"},"modified":"2020-12-03T21:29:17","modified_gmt":"2020-12-03T21:29:17","slug":"agente-de-compras-internacional","status":"publish","type":"page","link":"https:\/\/hispasiam.com\/es\/agente-de-compras-internacional\/","title":{"rendered":"Agente de compras internacional"},"content":{"rendered":"\n<div class=\"gb-container gb-container-c40b00b3\"><div class=\"gb-inside-container\">\n<div class=\"gb-grid-wrapper gb-grid-wrapper-81571767\">\n<div class=\"gb-grid-column gb-grid-column-05e112c1\"><div class=\"gb-container gb-container-05e112c1\"><div class=\"gb-inside-container\">\n\n\n<h2 class=\"gb-headline gb-headline-cb657ddf\">Servicios como agente de compras internacional.<\/h2>\n\n\n\n<p>En Hispasiam ofrecemos servicios como agente de compras internacional para todo tipo de industrias. Operamos como el representante del comprador y trabajamos para ofrecer garant\u00edas en la compra de cualquier producto. Seleccionamos el proveedor teniendo en cuenta nuestra experiencia en compras internacionales y seguimos todo el proceso de compra para que la importaci\u00f3n de un producto sea un exito. Contamos con una <a href=\"https:\/\/hispasiam.com\/es\/proveedores\/\" class=\"rank-math-link\"><strong>cartera de proveedores<\/strong><\/a> de varios sectores que han sido previamente auditados y que ofrecen garant\u00edas.<\/p>\n\n\n\n<p>Nuestra experiencia puede ayudar su negocio a encontrar un producto con un buen precio y que ofrezca una garant\u00eda de calidad. Le ofrecemos un servicio que le aportar\u00e1 seguridad en todos los pasos de la compra. Trabajamos tanto en Asia c\u00f3mo en Am\u00e9rica latina y Espa\u00f1a. Los mercados asi\u00e1ticos que m\u00e1s trabajamos s\u00f3n China, Tailandia, Vietnam y la India.<\/p>\n<\/div><\/div><\/div>\n\n\n\n<div class=\"gb-grid-column gb-grid-column-7a1520d4\"><div class=\"gb-container gb-container-7a1520d4 object-shadow\"><div class=\"gb-inside-container\">\n<h3 class=\"gb-headline gb-headline-39f0c88a\">Solic\u00edtenos informaci\u00f3n<\/h3>\n\n\n\n<p class=\"gb-headline gb-headline-eb445329\">Contacte con nosotros para que uno de nuestros agentes de compras le pueda informar.<\/p>\n\n\n\n\t\t\t<link rel=\"stylesheet\" property=\"stylesheet\" href=\"https:\/\/hispasiam.com\/wp-content\/plugins\/happyforms\/bundles\/css\/frontend.css\" \/>\n\t\t\t\t<!-- HappyForms CSS variables -->\n\t<style>\n\t#happyforms-2439 {\n\t\t--happyforms-part-title-font-size: 18px;\n--happyforms-part-description-font-size: 14px;\n--happyforms-part-value-font-size: 17px;\n--happyforms-submit-button-font-size: 18px;\n--happyforms-color-primary: #1f2d3d;\n--happyforms-color-success-notice: #ffffff;\n--happyforms-color-success-notice-text: #406080;\n--happyforms-color-error: #dd3333;\n--happyforms-color-error-notice: #ffffff;\n--happyforms-color-error-notice-text: #dd3333;\n--happyforms-color-part-title: #1f2d3d;\n--happyforms-color-part-value: #1f2d3d;\n--happyforms-color-part-placeholder: #1f2d3d;\n--happyforms-color-part-description: #1f2d3d;\n--happyforms-color-part-border: #1f2d3d;\n--happyforms-color-part-border-focus: #1f2d3d;\n--happyforms-color-part-background: #f5f8fa;\n--happyforms-color-part-background-focus: #f5f8fa;\n--happyforms-color-submit-background: #1f2d3d;\n--happyforms-color-submit-background-hover: #406080;\n--happyforms-color-submit-border: transparent;\n--happyforms-color-submit-text: #ffffff;\n--happyforms-color-submit-text-hover: #ffffff;\n--happyforms-color-table-row-odd: #fcfcfc;\n--happyforms-color-table-row-even: #efefef;\n--happyforms-color-table-row-odd-text: #000000;\n--happyforms-color-table-row-even-text: #000000;\n--happyforms-color-dropdown-item-bg: #ffffff;\n--happyforms-color-dropdown-item-text: #000000;\n--happyforms-color-dropdown-item-bg-hover: #f4f4f5;\n--happyforms-color-dropdown-item-text-hover: #000000;\n--happyforms-color-divider-hr: #cccccc;\n--happyforms-color-choice-checkmark-bg: #ffffff;\n--happyforms-color-choice-checkmark-bg-focus: #000000;\n--happyforms-color-choice-checkmark-color: #ffffff;\n\t}\n\t<\/style>\n\t<!-- End of HappyForms CSS variables -->\n\t\t<!-- HappyForms Additional CSS -->\n\t<style data-happyforms-additional-css>\n\t\t<\/style>\n\t<!-- End of HappyForms Additional CSS -->\n\t\t\t<link rel=\"stylesheet\" type=\"text\/css\" href=\"https:\/\/hispasiam.com\/wp-content\/plugins\/happyforms\/core\/assets\/css\/no-interaction.css\">\n\t\t<div class=\"happyforms-form happyforms-styles happyforms-form--part-borders-bottom-only happyforms-form--part-border-radius-square happyforms-form--part-outer-padding-narrow happyforms-form--part-inner-padding-narrow happyforms-form--submit-button-border-hide happyforms-form--submit-button-border-radius-square happyforms-form--submit-button-fullwidth happyforms-form--submit-button-padding-narrow\" id=\"happyforms-2439\">\n\t\t\n\t<form action=\"\" id=\"happyforms-form-2439\" method=\"post\" novalidate=\"true\" autocomplete=\"off\">\n\t\t\t\t<input type=\"hidden\" name=\"happyforms_random_seed\" value=\"1437539200\" \/>\n\t\t\n\t\t\t<input type=\"hidden\" name=\"action\" value=\"happyforms_message\">\n\t\t\t\t<input type=\"hidden\" name=\"client_referer\" value=\"\">\n\t\t\t\t<input type=\"hidden\" name=\"current_post_id\" value=\"\">\n\t\t\t\t<input type=\"hidden\" name=\"happyforms_form_id\" value=\"2439\" \/>\n\t\t\t\t<input type=\"hidden\" name=\"happyforms_step\" value=\"0\" \/>\n\t\n\t\t<div class=\"happyforms-flex\">\n\t\t\t\t<label for=\"2439-multi_line_text\" class=\"screen-reader-text\">Leave this field blank<\/label>\n\t<input type=\"text\" id=\"2439-multi_line_text\" name=\"2439-multi_line_text\" style=\"display: none;\" tabindex=\"-1\" autocomplete=\"off\" aria-hidden=\"true\">\n\t\t\t\t\t\t\t\t\t\t<div class=\"happyforms-form__part happyforms-part happyforms-part--single_line_text happyforms-part--width-full happyforms-part--label-hidden\" id=\"happyforms-2439_single_line_text_0-part\" data-happyforms-type=\"single_line_text\" data-happyforms-id=\"single_line_text_0\" data-happyforms-required=\"\">\n\t<div class=\"happyforms-part-wrap\">\n\t\t\n\t\t\t\t\t\t<div class=\"happyforms-part__label-container\">\n\t\t\t<\/div>\n\t\t\t\n\t\t\n\t\t<div class=\"happyforms-part__el\">\n\t\t\t\n\t\t\t\n\t\t\t<div class=\"happyforms-input\">\n\t\t\t\t\n\t\t\t\t<input id=\"happyforms-2439_single_line_text_0\" type=\"text\" name=\"2439_single_line_text_0\" value=\"\" placeholder=\"Tu nombre\" autocomplete=\"off\" spellcheck=\"false\"  autocorrect=\"off\" \/>\n\t\t\t\t\t\t\t<\/div>\n\n\t\t\t\n\t\t\t\n\t\t\t\t\t<\/div>\n\t<\/div>\n<\/div>\n<div class=\"happyforms-form__part happyforms-part happyforms-part--single_line_text happyforms-part--width-full happyforms-part--label-hidden\" id=\"happyforms-2439_single_line_text_6-part\" data-happyforms-type=\"single_line_text\" data-happyforms-id=\"single_line_text_6\" data-happyforms-required=\"\">\n\t<div class=\"happyforms-part-wrap\">\n\t\t\n\t\t\t\t\t\t<div class=\"happyforms-part__label-container\">\n\t\t\t<\/div>\n\t\t\t\n\t\t\n\t\t<div class=\"happyforms-part__el\">\n\t\t\t\n\t\t\t\n\t\t\t<div class=\"happyforms-input\">\n\t\t\t\t\n\t\t\t\t<input id=\"happyforms-2439_single_line_text_6\" type=\"text\" name=\"2439_single_line_text_6\" value=\"\" placeholder=\"Tel\u00e9fono de contacto\" autocomplete=\"off\" spellcheck=\"false\"  autocorrect=\"off\" \/>\n\t\t\t\t\t\t\t<\/div>\n\n\t\t\t\n\t\t\t\n\t\t\t\t\t<\/div>\n\t<\/div>\n<\/div>\n<div class=\"happyforms-form__part happyforms-part happyforms-part--multi_line_text happyforms-part--width-full happyforms-part--label-hidden\" id=\"happyforms-2439_multi_line_text_4-part\" data-happyforms-type=\"multi_line_text\" data-happyforms-id=\"multi_line_text_4\" data-happyforms-required=\"\">\n\t<div class=\"happyforms-part-wrap\">\n\t\t\t\t\t\t<div class=\"happyforms-part__label-container\">\n\t\t\t<\/div>\n\t\t\t\n\t\t\n\t\t<div class=\"happyforms-part__el\">\n\t\t\t\n\t\t\t\t\t\t<textarea id=\"happyforms-2439_multi_line_text_4\" name=\"2439_multi_line_text_4\" rows=\"5\" placeholder=\"\u00bfC\u00f3mo podemos ayudarte?\" autocomplete=\"off\" spellcheck=\"false\" autocorrect=\"off\" ><\/textarea>\n\t\t\t\n\t\t\t\n\t\t\t\t\t<\/div>\n\t<\/div>\n<\/div>\n\t\t\t\t\t\t<div class=\"happyforms-form__part happyforms-part happyforms-part--submit\">\n\t\t<button type=\"submit\" class=\"happyforms-submit happyforms-button--submit \">Enviar<\/button>\n\t<\/div>\t\t<\/div>\n\n\t\t\t<\/form>\n\n\t<\/div>\n\n<\/div><\/div><\/div>\n<\/div>\n<\/div><\/div>\n\n\n\n<div class=\"gb-container gb-container-dcb0f472\"><div class=\"gb-inside-container\">\n<div class=\"gb-grid-wrapper gb-grid-wrapper-be0f40d0\">\n<div class=\"gb-grid-column gb-grid-column-d1592020\"><div class=\"gb-container gb-container-d1592020\"><div class=\"gb-inside-container\">\n<figure class=\"wp-block-image size-large photo-shadow img\"><img decoding=\"async\" width=\"450\" height=\"600\" src=\"https:\/\/hispasiam.com\/wp-content\/uploads\/gerardo-vila-profile.jpg\" alt=\"Gerardo Vila\" class=\"wp-image-6134\" srcset=\"https:\/\/hispasiam.com\/wp-content\/uploads\/gerardo-vila-profile.jpg 450w, https:\/\/hispasiam.com\/wp-content\/uploads\/gerardo-vila-profile-225x300.jpg 225w, https:\/\/hispasiam.com\/wp-content\/uploads\/gerardo-vila-profile-15x20.jpg 15w\" sizes=\"(max-width: 450px) 100vw, 450px\" \/><\/figure>\n<\/div><\/div><\/div>\n\n\n\n<div class=\"gb-grid-column gb-grid-column-9b7bf365\"><div class=\"gb-container gb-container-9b7bf365\"><div class=\"gb-inside-container\">\n<p>En Asia, como en todos lados, los fabricantes ofrecen productos acordes al bolsillo del cliente. Hay productos de baja calidad y econ\u00f3micos, pero tambi\u00e9n los hay de buena calidad y m\u00e1s caros. Encontrar un proveedor que te ofrezca un punto intermedio puede conllevar tiempo.<\/p>\n\n\n\n<p>En Hispasiam siempre nos enfocamos en la necesidad del cliente. Dependiendo del producto, es posible que la mejor opci\u00f3n sea importar desde Tailandia o India en lugar de China. <\/p>\n\n\n\n<p class=\"gb-headline gb-headline-8ce5b3e3\"><em>Gerardo Vila \u2013 Socio fundador Hispasiam<\/em><\/p>\n\n\n\n<div class=\"gb-grid-wrapper gb-grid-wrapper-e7789764\">\n<div class=\"gb-grid-column gb-grid-column-20782dd9\"><div class=\"gb-container gb-container-20782dd9\"><div class=\"gb-inside-container\"><\/div><\/div><\/div>\n<\/div>\n<\/div><\/div><\/div>\n<\/div>\n<\/div><\/div>\n\n\n\n<div class=\"gb-container gb-container-e1d010d5\"><div class=\"gb-inside-container\">\n<div class=\"gb-grid-wrapper gb-grid-wrapper-cf67f991\">\n<div class=\"gb-grid-column gb-grid-column-47320e1f\"><div class=\"gb-container gb-container-47320e1f\"><div class=\"gb-inside-container\">\n<h2 class=\"wp-block-heading\">Agencia de compras en China y Asia en Espa\u00f1ol<\/h2>\n\n\n\n<p>Importar desde China con garant\u00edas y con una calidad que se mantenga en el tiempo puede conllevar un proceso de estr\u00e9s para una empresa. En Hispasiam, como agente de compras internacional, hemos vivido muchos casos en los que el producto no sigue la misma calidad en todos los pedidos. A ra\u00edz de nuestra experiencia, sabemos exactamente qu\u00e9 puntos hay que tener en cuenta antes de seleccionar un buen proveedor.<\/p>\n\n\n\n<p>Gestionamos muestras de producto con la fabrica para que el cliente puede ver el acabado y las calidades. Nuestro prop\u00f3sito en cualquier compra es actuar como el departamento de compras de nuestro cliente a\u00f1adiendole nuestra experiencia en el sector. Trabajamos c\u00f3mo intermediarios para importar desde china y nos esforzamos para crear \u00abpartnerships\u00bb con nuestros clientes.<\/p>\n<\/div><\/div><\/div>\n\n\n\n<div class=\"gb-grid-column gb-grid-column-6e60dbe4\"><div class=\"gb-container gb-container-6e60dbe4\"><div class=\"gb-inside-container\">\n<figure class=\"wp-block-image size-large is-resized photo-shadow img\"><img decoding=\"async\" src=\"https:\/\/hispasiam.com\/wp-content\/uploads\/agente-de-compras-internacional-china.jpg\" alt=\"agente de compras internacional\" class=\"wp-image-6317\" width=\"800\" height=\"533\" srcset=\"https:\/\/hispasiam.com\/wp-content\/uploads\/agente-de-compras-internacional-china.jpg 800w, https:\/\/hispasiam.com\/wp-content\/uploads\/agente-de-compras-internacional-china-300x200.jpg 300w, https:\/\/hispasiam.com\/wp-content\/uploads\/agente-de-compras-internacional-china-768x512.jpg 768w\" sizes=\"(max-width: 800px) 100vw, 800px\" \/><\/figure>\n<\/div><\/div><\/div>\n<\/div>\n<\/div><\/div>\n\n\n\n<div class=\"gb-container gb-container-2aa16d1b\"><div class=\"gb-inside-container\">\n<div class=\"wp-block-columns is-layout-flex wp-container-core-columns-is-layout-9d6595d7 wp-block-columns-is-layout-flex\">\n<div class=\"wp-block-column is-layout-flow wp-block-column-is-layout-flow\">\n<h2 class=\"wp-block-heading\" id=\"block-1b53a82d-f3dd-4755-9b73-4803703c85de\">\u00bfQu\u00e9 es un agente de Compras Internacional?<\/h2>\n\n\n\n<p id=\"block-5d34763f-5a36-43a3-9ea1-1ca43c020a72\">Un agente de compras internacional es un especialista en el area de las compras que ofrece su servicio a un cliente para realizar todo el proceso de compra de un producto en un pa\u00eds extranjero. Su principal funci\u00f3n es gestionar las compras y encontrar proveedores que ofrezcan garant\u00edas.<\/p>\n\n\n\n<p>El agente de compras internacional puede trabajar en diferentes tipos de ind\u00fastria y localizar los productos que el cliente necesita en diferentes pa\u00edses. En el caso de China, su rol ser\u00eda el de intermediarios para importar desde China.<\/p>\n<\/div>\n\n\n\n<div class=\"wp-block-column is-layout-flow wp-block-column-is-layout-flow\">\n<h2 class=\"wp-block-heading\">\u00bfCu\u00e1les son las principales funciones de un agente de compras internacional?<\/h2>\n\n\n\n<p>Las funciones de un agente de compras internacional se podr\u00edan englobar en 3 pasos durante el proceso de compra.<\/p>\n\n\n\n<h3 class=\"wp-block-heading\">Selecci\u00f3n del proveedor y visita de f\u00e1brica<\/h3>\n\n\n\n<p>El agente de compras facilita al cliente varias opciones de proveedor para que pueda elegir y posteriormente, si es necesario, visita la f\u00e1brica para ver el proceso de fabricaci\u00f3n y asegurar la calidad del producto.<\/p>\n<\/div>\n\n\n\n<div class=\"wp-block-column is-layout-flow wp-block-column-is-layout-flow\">\n<h3 class=\"wp-block-heading\">Negociaci\u00f3n de precios y condiciones de pago <\/h3>\n\n\n\n<p>Teniendo en cuenta las necesidades del cliente, el agente de compras internacional es el encargado de negociar los precios con el proveedor y las condiciones de pago de los pedidos en representaci\u00f3n de su cliente.<\/p>\n\n\n\n<h3 class=\"wp-block-heading\">Supervisi\u00f3n de plazos, transporte y despacho de aduanas<\/h3>\n\n\n\n<p>Para asegurar que el pedido llega dentro de los plazos acordados, el agente de compras internacional supervisa los plazos de un pedido, el transporte de la mercanc\u00eda y gestiona la documentaci\u00f3n para el despacho de aduanas.<\/p>\n<\/div>\n<\/div>\n<\/div><\/div>\n\n\n\n<div class=\"gb-container gb-container-06d85bbf\"><div class=\"gb-inside-container\">\n<h2 class=\"gb-headline gb-headline-3d4560ab\">Vea algunos de los sectores que trabajamos.<\/h2>\n\n\n\n<div class=\"gb-button-wrapper gb-button-wrapper-c9253949\">\n<a class=\"gb-button gb-button-69a56173 button\" href=\"https:\/\/hispasiam.com\/es\/proveedores\/\"><span class=\"button-text\">Proveedores<\/span><\/a>\n<\/div>\n<\/div><\/div>\n","protected":false},"excerpt":{"rendered":"<p>\u00bfQu\u00e9 es un agente de Compras Internacional? Un agente de compras internacional es un especialista en el area de las compras que ofrece su servicio a un cliente para realizar &#8230; <a title=\"Agente de compras internacional\" class=\"read-more\" href=\"https:\/\/hispasiam.com\/es\/agente-de-compras-internacional\/\" aria-label=\"Leer m\u00e1s sobre Agente de compras internacional\">Leer<\/a><\/p>\n","protected":false},"author":1,"featured_media":0,"parent":0,"menu_order":0,"comment_status":"closed","ping_status":"closed","template":"","meta":{"footnotes":""},"class_list":["post-2499","page","type-page","status-publish"],"_links":{"self":[{"href":"https:\/\/hispasiam.com\/es\/wp-json\/wp\/v2\/pages\/2499","targetHints":{"allow":["GET"]}}],"collection":[{"href":"https:\/\/hispasiam.com\/es\/wp-json\/wp\/v2\/pages"}],"about":[{"href":"https:\/\/hispasiam.com\/es\/wp-json\/wp\/v2\/types\/page"}],"author":[{"embeddable":true,"href":"https:\/\/hispasiam.com\/es\/wp-json\/wp\/v2\/users\/1"}],"replies":[{"embeddable":true,"href":"https:\/\/hispasiam.com\/es\/wp-json\/wp\/v2\/comments?post=2499"}],"version-history":[{"count":90,"href":"https:\/\/hispasiam.com\/es\/wp-json\/wp\/v2\/pages\/2499\/revisions"}],"predecessor-version":[{"id":6636,"href":"https:\/\/hispasiam.com\/es\/wp-json\/wp\/v2\/pages\/2499\/revisions\/6636"}],"wp:attachment":[{"href":"https:\/\/hispasiam.com\/es\/wp-json\/wp\/v2\/media?parent=2499"}],"curies":[{"name":"wp","href":"https:\/\/api.w.org\/{rel}","templated":true}]}}