{"id":2077,"date":"2020-08-05T17:08:35","date_gmt":"2020-08-05T21:08:35","guid":{"rendered":"https:\/\/gpsites.co\/ethos\/?page_id=2077"},"modified":"2020-12-08T10:35:00","modified_gmt":"2020-12-08T10:35:00","slug":"servicios","status":"publish","type":"page","link":"https:\/\/hispasiam.com\/es\/servicios\/","title":{"rendered":"Servicios"},"content":{"rendered":"<div class=\"gb-container gb-container-f0715fa9\"><div class=\"gb-inside-container\">\n<div class=\"gb-grid-wrapper gb-grid-wrapper-6c5375ff\">\n<div class=\"gb-grid-column gb-grid-column-3da61751\"><div class=\"gb-container gb-container-3da61751\"><div class=\"gb-inside-container\">\n\n<h2 class=\"gb-headline gb-headline-dfeb22db gb-headline-text\">M\u00e1s de 10 a\u00f1os combinando experiencia comercial y resultados para el cliente. <\/h2>\n\n\n\n<p>HISPASIAM es una consultora de ventas con amplia experiencia en la industria del comercio internacional de productos asi\u00e1ticos y el socio ideal para llevar a cabo las operaciones clave de negocio para todos los pa\u00edses de Am\u00e9rica Latina. Somos un l\u00edder mundial en la creaci\u00f3n de soluciones, altamente capacitados para gestionar y concluir negocios exitosamente para comercializar los productos en regiones de habla hispana.<\/p>\n\n\n\n<p><\/p>\n\n<\/div><\/div><\/div>\n\n<div class=\"gb-grid-column gb-grid-column-4b90cea4\"><div class=\"gb-container gb-container-4b90cea4\"><div class=\"gb-inside-container\">\n\n<figure class=\"wp-block-image size-large photo-shadow img\"><img decoding=\"async\" width=\"800\" height=\"534\" src=\"https:\/\/hispasiam.com\/wp-content\/uploads\/gerardo-meeting.jpg\" alt=\"\" class=\"wp-image-6143\" srcset=\"https:\/\/hispasiam.com\/wp-content\/uploads\/gerardo-meeting.jpg 800w, https:\/\/hispasiam.com\/wp-content\/uploads\/gerardo-meeting-300x200.jpg 300w, https:\/\/hispasiam.com\/wp-content\/uploads\/gerardo-meeting-768x513.jpg 768w, https:\/\/hispasiam.com\/wp-content\/uploads\/gerardo-meeting-20x13.jpg 20w\" sizes=\"(max-width: 800px) 100vw, 800px\" \/><\/figure>\n\n<\/div><\/div><\/div>\n<\/div>\n<\/div><\/div>\n\n<div class=\"gb-container gb-container-c1c16822\"><div class=\"gb-inside-container\">\n\n<h3 class=\"gb-headline gb-headline-484263ce\"><span class=\"gb-icon\"><svg xmlns=\"http:\/\/www.w3.org\/2000\/svg\" viewBox=\"0 0 64 64\" width=\"512\" height=\"512\"><g id=\"Flowchart\"><path d=\"M57,2H13A5,5,0,0,0,8,7V52H3a1,1,0,0,0-1,1v4a5,5,0,0,0,5,5H49a5,5,0,0,0,5-5V12h7a1,1,0,0,0,1-1V7A5,5,0,0,0,57,2ZM7,60a3.009,3.009,0,0,1-3-3V54H44v3a4.924,4.924,0,0,0,1.03,3ZM52,6V57a3,3,0,0,1-6,0V53a1,1,0,0,0-1-1H10V7a3.009,3.009,0,0,1,3-3H52.56A3.906,3.906,0,0,0,52,6Zm8,4H54V6a2.006,2.006,0,0,1,2-2h1a3.009,3.009,0,0,1,3,3Z\"><\/path><path d=\"M47,32H42V27a1,1,0,0,0-1-1H32V20h5a1,1,0,0,0,1-1V13a1,1,0,0,0-1-1H25a1,1,0,0,0-1,1v6a1,1,0,0,0,1,1h5v6H21a1,1,0,0,0-1,1v5H15a1,1,0,0,0-1,1v6a1,1,0,0,0,1,1H27a1,1,0,0,0,1-1V33a1,1,0,0,0-1-1H22V28H40v4H35a1,1,0,0,0-1,1v6a1,1,0,0,0,1,1H47a1,1,0,0,0,1-1V33A1,1,0,0,0,47,32ZM26,14H36v4H26Zm0,24H16V34H26Zm20,0H36V34H46Z\"><\/path><path d=\"M25,10h1a1,1,0,0,0,0-2H25a1,1,0,0,0,0,2Z\"><\/path><path d=\"M16,42H15a1,1,0,0,0,0,2h1a1,1,0,0,0,0-2Z\"><\/path><path d=\"M16,45H15a1,1,0,0,0,0,2h1a1,1,0,0,0,0-2Z\"><\/path><path d=\"M36,42H35a1,1,0,0,0,0,2h1a1,1,0,0,0,0-2Z\"><\/path><path d=\"M36,45H35a1,1,0,0,0,0,2h1a1,1,0,0,0,0-2Z\"><\/path><path d=\"M30,10h7a1,1,0,0,0,0-2H30a1,1,0,0,0,0,2Z\"><\/path><path d=\"M26,42H20a1,1,0,0,0,0,2h6a1,1,0,0,0,0-2Z\"><\/path><path d=\"M26,45H20a1,1,0,0,0,0,2h6a1,1,0,0,0,0-2Z\"><\/path><path d=\"M46,42H40a1,1,0,0,0,0,2h6a1,1,0,0,0,0-2Z\"><\/path><path d=\"M46,45H40a1,1,0,0,0,0,2h6a1,1,0,0,0,0-2Z\"><\/path><\/g><\/svg><\/span><span class=\"gb-headline-text\">Nuestras \u00e1reas de trabajo<\/span><\/h3>\n\n\n<div class=\"gb-grid-wrapper gb-grid-wrapper-b74ba0e6\">\n<div class=\"gb-grid-column gb-grid-column-d1e772f5\"><div class=\"gb-container gb-container-d1e772f5\"><div class=\"gb-inside-container\">\n\n<h4 class=\"gb-headline gb-headline-e756323e gb-headline-text\">Agencia de compras<\/h4>\n\n\n\n<p>Actuamos como agente de compras para varios sectores. Seleccionamos proveedores adecuados para un producto.<\/p>\n\n\n\n<p class=\"gb-headline gb-headline-aaa02c3c gb-headline-text\">B\u00fasqueda de proveedores<\/p>\n\n\n\n<p class=\"gb-headline gb-headline-13df3a95 gb-headline-text\">An\u00e1lisis de calidad del producto<\/p>\n\n\n\n<p class=\"gb-headline gb-headline-a4718eaa gb-headline-text\">Seguimiento con el proveedor<\/p>\n\n\n\n<p class=\"gb-headline gb-headline-c5f533f6 gb-headline-text\">Mercados Asi\u00e1ticos e Hispanos<\/p>\n\n\n\n<p class=\"gb-headline gb-headline-73818493 gb-headline-text\">Alta capacidad de producci\u00f3n<\/p>\n\n\n<div class=\"gb-button-wrapper gb-button-wrapper-85fb7b32\">\n\n<a class=\"gb-button gb-button-6dbfa187 gb-button-text button\" href=\"https:\/\/hispasiam.com\/es\/agente-de-compras-internacional\/\">Compras<\/a>\n\n<\/div>\n<\/div><\/div><\/div>\n\n<div class=\"gb-grid-column gb-grid-column-82a3d381\"><div class=\"gb-container gb-container-82a3d381\"><div class=\"gb-inside-container\">\n\n<h4 class=\"gb-headline gb-headline-5c21f31e gb-headline-text\">Agencia comercial<\/h4>\n\n\n\n<p>Trabajamos el mercado asi\u00e1tico e hispano en b\u00fasqueda de clientes potenciales para los productos que manufacturan nuestros clientes.<\/p>\n\n\n\n<p class=\"gb-headline gb-headline-7772f799 gb-headline-text\">An\u00e1lisis de mercados<\/p>\n\n\n\n<p class=\"gb-headline gb-headline-04644609 gb-headline-text\">An\u00e1lisis de la competencia<\/p>\n\n\n\n<p class=\"gb-headline gb-headline-9d45bcf2 gb-headline-text\">Comunicaci\u00f3n con el cliente<\/p>\n\n\n\n<p class=\"gb-headline gb-headline-418bfdfd gb-headline-text\">Tramitaci\u00f3n de  pedidos<\/p>\n\n\n\n<p class=\"gb-headline gb-headline-caf4a0f8 gb-headline-text\">Fidelizaci\u00f3n de clientes<\/p>\n\n\n<div class=\"gb-button-wrapper gb-button-wrapper-aaf93f9a\">\n\n<a class=\"gb-button gb-button-835db1a0 gb-button-text button\" href=\"https:\/\/hispasiam.com\/es\/agentes-comerciales-internacionales\/\">Ventas<\/a>\n\n<\/div>\n<\/div><\/div><\/div>\n\n<div class=\"gb-grid-column gb-grid-column-5e4f597b\"><div class=\"gb-container gb-container-5e4f597b\"><div class=\"gb-inside-container\">\n\n<h4 class=\"gb-headline gb-headline-eb4a75f4 gb-headline-text\">Certificaci\u00f3n de productos<\/h4>\n\n\n\n<p>Ofrecemos un servicio de certificaci\u00f3n de productos industriales a trav\u00e9s de \u00f3rganos locales de certificaci\u00f3n. <\/p>\n\n\n\n<p class=\"gb-headline gb-headline-793b1d1d gb-headline-text\">Estudio de documentaci\u00f3n<\/p>\n\n\n\n<p class=\"gb-headline gb-headline-f9280507 gb-headline-text\">Tramitaci\u00f3n de certificaci\u00f3n<\/p>\n\n\n\n<p class=\"gb-headline gb-headline-cb89b6af gb-headline-text\">B\u00fasqueda de certificadores<\/p>\n\n\n\n<p class=\"gb-headline gb-headline-2e09e3a7 gb-headline-text\">Seguimiento de la certificaci\u00f3n<\/p>\n\n\n\n<p class=\"gb-headline gb-headline-71301323 gb-headline-text\">Seguimiento de auditorias<\/p>\n\n\n<div class=\"gb-button-wrapper gb-button-wrapper-a90657fe\">\n\n<a class=\"gb-button gb-button-01f0b58b gb-button-text button\" href=\"https:\/\/hispasiam.com\/es\/certificacion-de-productos\/\">Certificaci\u00f3n<\/a>\n\n<\/div>\n<\/div><\/div><\/div>\n<\/div>\n<\/div><\/div>\n\n<div class=\"gb-container gb-container-7487a8d6\"><div class=\"gb-inside-container\">\n<div class=\"gb-grid-wrapper gb-grid-wrapper-d9c9b23e\">\n<div class=\"gb-grid-column gb-grid-column-66fbf715\"><div class=\"gb-container gb-container-66fbf715\"><div class=\"gb-inside-container\">\n\n<div class=\"wp-block-image photo-border is-style-rounded\"><figure class=\"aligncenter size-large is-resized\"><img decoding=\"async\" src=\"https:\/\/hispasiam.com\/wp-content\/uploads\/testimonial-2.jpg\" alt=\"\" class=\"wp-image-6882\" width=\"100\" height=\"100\" srcset=\"https:\/\/hispasiam.com\/wp-content\/uploads\/testimonial-2.jpg 400w, https:\/\/hispasiam.com\/wp-content\/uploads\/testimonial-2-300x300.jpg 300w, https:\/\/hispasiam.com\/wp-content\/uploads\/testimonial-2-150x150.jpg 150w\" sizes=\"(max-width: 100px) 100vw, 100px\" \/><\/figure><\/div>\n\n\n<div class=\"gb-button-wrapper gb-button-wrapper-65838424\">\n\n<span class=\"gb-button gb-button-6e508628\"><span class=\"gb-icon\"><svg aria-hidden=\"true\" height=\"1em\" width=\"1em\" viewBox=\"0 0 576 512\" xmlns=\"http:\/\/www.w3.org\/2000\/svg\"><path fill=\"currentColor\" d=\"M259.3 17.8L194 150.2 47.9 171.5c-26.2 3.8-36.7 36.1-17.7 54.6l105.7 103-25 145.5c-4.5 26.3 23.2 46 46.4 33.7L288 439.6l130.7 68.7c23.2 12.2 50.9-7.4 46.4-33.7l-25-145.5 105.7-103c19-18.5 8.5-50.8-17.7-54.6L382 150.2 316.7 17.8c-11.7-23.6-45.6-23.9-57.4 0z\"><\/path><\/svg><\/span><\/span>\n\n\n\n<span class=\"gb-button gb-button-99696924\"><span class=\"gb-icon\"><svg aria-hidden=\"true\" height=\"1em\" width=\"1em\" viewBox=\"0 0 576 512\" xmlns=\"http:\/\/www.w3.org\/2000\/svg\"><path fill=\"currentColor\" d=\"M259.3 17.8L194 150.2 47.9 171.5c-26.2 3.8-36.7 36.1-17.7 54.6l105.7 103-25 145.5c-4.5 26.3 23.2 46 46.4 33.7L288 439.6l130.7 68.7c23.2 12.2 50.9-7.4 46.4-33.7l-25-145.5 105.7-103c19-18.5 8.5-50.8-17.7-54.6L382 150.2 316.7 17.8c-11.7-23.6-45.6-23.9-57.4 0z\"><\/path><\/svg><\/span><\/span>\n\n\n\n<span class=\"gb-button gb-button-512d6892\"><span class=\"gb-icon\"><svg aria-hidden=\"true\" height=\"1em\" width=\"1em\" viewBox=\"0 0 576 512\" xmlns=\"http:\/\/www.w3.org\/2000\/svg\"><path fill=\"currentColor\" d=\"M259.3 17.8L194 150.2 47.9 171.5c-26.2 3.8-36.7 36.1-17.7 54.6l105.7 103-25 145.5c-4.5 26.3 23.2 46 46.4 33.7L288 439.6l130.7 68.7c23.2 12.2 50.9-7.4 46.4-33.7l-25-145.5 105.7-103c19-18.5 8.5-50.8-17.7-54.6L382 150.2 316.7 17.8c-11.7-23.6-45.6-23.9-57.4 0z\"><\/path><\/svg><\/span><\/span>\n\n\n\n<span class=\"gb-button gb-button-24427e24\"><span class=\"gb-icon\"><svg aria-hidden=\"true\" height=\"1em\" width=\"1em\" viewBox=\"0 0 576 512\" xmlns=\"http:\/\/www.w3.org\/2000\/svg\"><path fill=\"currentColor\" d=\"M259.3 17.8L194 150.2 47.9 171.5c-26.2 3.8-36.7 36.1-17.7 54.6l105.7 103-25 145.5c-4.5 26.3 23.2 46 46.4 33.7L288 439.6l130.7 68.7c23.2 12.2 50.9-7.4 46.4-33.7l-25-145.5 105.7-103c19-18.5 8.5-50.8-17.7-54.6L382 150.2 316.7 17.8c-11.7-23.6-45.6-23.9-57.4 0z\"><\/path><\/svg><\/span><\/span>\n\n\n\n<span class=\"gb-button gb-button-277fb23f\"><span class=\"gb-icon\"><svg aria-hidden=\"true\" height=\"1em\" width=\"1em\" viewBox=\"0 0 576 512\" xmlns=\"http:\/\/www.w3.org\/2000\/svg\"><path fill=\"currentColor\" d=\"M259.3 17.8L194 150.2 47.9 171.5c-26.2 3.8-36.7 36.1-17.7 54.6l105.7 103-25 145.5c-4.5 26.3 23.2 46 46.4 33.7L288 439.6l130.7 68.7c23.2 12.2 50.9-7.4 46.4-33.7l-25-145.5 105.7-103c19-18.5 8.5-50.8-17.7-54.6L382 150.2 316.7 17.8c-11.7-23.6-45.6-23.9-57.4 0z\"><\/path><\/svg><\/span><\/span>\n\n<\/div>\n<\/div><\/div><\/div>\n\n<div class=\"gb-grid-column gb-grid-column-3d366baa\"><div class=\"gb-container gb-container-3d366baa\"><div class=\"gb-inside-container\">\n\n<p>Contact\u00e9 con Gerardo porque anteriormente hab\u00eda trabajado con otra empresa y hab\u00edamos tenido contacto. Me dijo qu\u00e9 tipo de negocio quer\u00eda hacer y pens\u00e9 en contratar sus servicios porque sab\u00eda que era profesional. No puedo estar m\u00e1s contento con la ayuda que nos han brindado tanto \u00e9l como su equipo.<\/p>\n\n\n\n<p class=\"gb-headline gb-headline-682b26c1 gb-headline-text\"><em>\u2013 Link logistics<\/em><\/p>\n\n<\/div><\/div><\/div>\n<\/div>\n<\/div><\/div>","protected":false},"excerpt":{"rendered":"<p>Nuestras \u00e1reas de trabajo<\/p>\n","protected":false},"author":1,"featured_media":0,"parent":0,"menu_order":0,"comment_status":"closed","ping_status":"closed","template":"","meta":{"footnotes":""},"class_list":["post-2077","page","type-page","status-publish"],"_links":{"self":[{"href":"https:\/\/hispasiam.com\/es\/wp-json\/wp\/v2\/pages\/2077","targetHints":{"allow":["GET"]}}],"collection":[{"href":"https:\/\/hispasiam.com\/es\/wp-json\/wp\/v2\/pages"}],"about":[{"href":"https:\/\/hispasiam.com\/es\/wp-json\/wp\/v2\/types\/page"}],"author":[{"embeddable":true,"href":"https:\/\/hispasiam.com\/es\/wp-json\/wp\/v2\/users\/1"}],"replies":[{"embeddable":true,"href":"https:\/\/hispasiam.com\/es\/wp-json\/wp\/v2\/comments?post=2077"}],"version-history":[{"count":22,"href":"https:\/\/hispasiam.com\/es\/wp-json\/wp\/v2\/pages\/2077\/revisions"}],"predecessor-version":[{"id":6921,"href":"https:\/\/hispasiam.com\/es\/wp-json\/wp\/v2\/pages\/2077\/revisions\/6921"}],"wp:attachment":[{"href":"https:\/\/hispasiam.com\/es\/wp-json\/wp\/v2\/media?parent=2077"}],"curies":[{"name":"wp","href":"https:\/\/api.w.org\/{rel}","templated":true}]}}